{"id":463,"date":"2024-09-23T15:16:26","date_gmt":"2024-09-23T19:16:26","guid":{"rendered":"https:\/\/p-lasercanada.ca\/privacy-policy\/"},"modified":"2024-10-21T14:38:19","modified_gmt":"2024-10-21T18:38:19","slug":"politique-de-confidentialite","status":"publish","type":"page","link":"https:\/\/p-lasercanada.ca\/fr\/politique-de-confidentialite\/","title":{"rendered":"Politique de confidentialit\u00e9"},"content":{"rendered":"\t\t<div data-elementor-type=\"wp-page\" data-elementor-id=\"463\" class=\"elementor elementor-463 elementor-434\" data-elementor-post-type=\"page\">\n\t\t\t\t<div class=\"elementor-element elementor-element-f3e3090 e-flex e-con-boxed e-con e-parent\" data-id=\"f3e3090\" data-element_type=\"container\">\n\t\t\t\t\t<div class=\"e-con-inner\">\n\t\t\t\t<div class=\"elementor-element elementor-element-a86c370 elementor-widget elementor-widget-heading\" data-id=\"a86c370\" data-element_type=\"widget\" data-widget_type=\"heading.default\">\n\t\t\t\t<div class=\"elementor-widget-container\">\n\t\t\t\t\t<div class=\"elementor-heading-title elementor-size-default\">P-Laser | Politiques | <span class=\"red\">Politiques de confidentialit\u00e9s<\/span><\/div>\t\t\t\t<\/div>\n\t\t\t\t<\/div>\n\t\t\t\t<div class=\"elementor-element elementor-element-b8dd09c elementor-widget elementor-widget-heading\" data-id=\"b8dd09c\" data-element_type=\"widget\" data-widget_type=\"heading.default\">\n\t\t\t\t<div class=\"elementor-widget-container\">\n\t\t\t\t\t<h1 class=\"elementor-heading-title elementor-size-default\">Politiques de confidentialit\u00e9s en construction<\/h1>\t\t\t\t<\/div>\n\t\t\t\t<\/div>\n\t\t\t\t<div class=\"elementor-element elementor-element-377e5ed politique_text elementor-widget elementor-widget-text-editor\" data-id=\"377e5ed\" data-element_type=\"widget\" data-widget_type=\"text-editor.default\">\n\t\t\t\t<div class=\"elementor-widget-container\">\n\t\t\t\t\t\t\t\t\t<p>\u00c0 venir.<\/p>\t\t\t\t\t\t\t\t<\/div>\n\t\t\t\t<\/div>\n\t\t\t\t\t<\/div>\n\t\t\t\t<\/div>\n\t\t\t\t<\/div>\n\t\t","protected":false},"excerpt":{"rendered":"<p>P-Laser | Politiques | Politiques de confidentialit\u00e9s Politiques de confidentialit\u00e9s en construction \u00c0 venir.<\/p>\n","protected":false},"author":1,"featured_media":0,"parent":0,"menu_order":90,"comment_status":"closed","ping_status":"closed","template":"elementor_header_footer","meta":{"_seopress_robots_primary_cat":"","_seopress_titles_title":"","_seopress_titles_desc":"","_seopress_robots_index":"","inline_featured_image":false,"footnotes":""},"class_list":["post-463","page","type-page","status-publish","hentry"],"_links":{"self":[{"href":"https:\/\/p-lasercanada.ca\/fr\/wp-json\/wp\/v2\/pages\/463","targetHints":{"allow":["GET"]}}],"collection":[{"href":"https:\/\/p-lasercanada.ca\/fr\/wp-json\/wp\/v2\/pages"}],"about":[{"href":"https:\/\/p-lasercanada.ca\/fr\/wp-json\/wp\/v2\/types\/page"}],"author":[{"embeddable":true,"href":"https:\/\/p-lasercanada.ca\/fr\/wp-json\/wp\/v2\/users\/1"}],"replies":[{"embeddable":true,"href":"https:\/\/p-lasercanada.ca\/fr\/wp-json\/wp\/v2\/comments?post=463"}],"version-history":[{"count":25,"href":"https:\/\/p-lasercanada.ca\/fr\/wp-json\/wp\/v2\/pages\/463\/revisions"}],"predecessor-version":[{"id":2395,"href":"https:\/\/p-lasercanada.ca\/fr\/wp-json\/wp\/v2\/pages\/463\/revisions\/2395"}],"wp:attachment":[{"href":"https:\/\/p-lasercanada.ca\/fr\/wp-json\/wp\/v2\/media?parent=463"}],"curies":[{"name":"wp","href":"https:\/\/api.w.org\/{rel}","templated":true}]}}