{"id":460,"date":"2024-09-23T15:15:12","date_gmt":"2024-09-23T19:15:12","guid":{"rendered":"https:\/\/p-lasercanada.ca\/contact-us\/"},"modified":"2025-11-12T09:51:56","modified_gmt":"2025-11-12T14:51:56","slug":"nous-joindre","status":"publish","type":"page","link":"https:\/\/p-lasercanada.ca\/fr\/nous-joindre\/","title":{"rendered":"Nous joindre"},"content":{"rendered":"\t\t<div data-elementor-type=\"wp-page\" data-elementor-id=\"460\" class=\"elementor elementor-460 elementor-429\" data-elementor-post-type=\"page\">\n\t\t\t\t<div class=\"elementor-element elementor-element-6e68df4 e-flex e-con-boxed e-con e-parent\" data-id=\"6e68df4\" data-element_type=\"container\" data-e-type=\"container\" data-settings=\"{&quot;background_background&quot;:&quot;classic&quot;}\">\n\t\t\t\t\t<div class=\"e-con-inner\">\n\t\t\t\t<div class=\"elementor-element elementor-element-9097361 text_mobile_shadow elementor-widget elementor-widget-heading\" data-id=\"9097361\" data-element_type=\"widget\" data-e-type=\"widget\" data-widget_type=\"heading.default\">\n\t\t\t\t<div class=\"elementor-widget-container\">\n\t\t\t\t\t<h1 class=\"elementor-heading-title elementor-size-default\">Vous avez un projet de <br class=\"br\">nettoyage en t\u00eate?<\/h1>\t\t\t\t<\/div>\n\t\t\t\t<\/div>\n\t\t\t\t\t<\/div>\n\t\t\t\t<\/div>\n\t\t<div class=\"elementor-element elementor-element-3ee21e2 e-flex e-con-boxed e-con e-parent\" data-id=\"3ee21e2\" data-element_type=\"container\" data-e-type=\"container\">\n\t\t\t\t\t<div class=\"e-con-inner\">\n\t\t\t\t<div class=\"elementor-element elementor-element-bea2427 elementor-widget elementor-widget-heading\" data-id=\"bea2427\" data-element_type=\"widget\" data-e-type=\"widget\" data-widget_type=\"heading.default\">\n\t\t\t\t<div class=\"elementor-widget-container\">\n\t\t\t\t\t<div class=\"elementor-heading-title elementor-size-default\">P-Laser | <a href=\"\/fr\/industries\/\">Industries<\/a> | <span class=\"red\">Nous joindre<\/span><\/div>\t\t\t\t<\/div>\n\t\t\t\t<\/div>\n\t\t\t\t<div class=\"elementor-element elementor-element-4c5f639 elementor-widget elementor-widget-heading\" data-id=\"4c5f639\" data-element_type=\"widget\" data-e-type=\"widget\" data-widget_type=\"heading.default\">\n\t\t\t\t<div class=\"elementor-widget-container\">\n\t\t\t\t\t<h2 class=\"elementor-heading-title elementor-size-default\">Formulaire de demande d\u2019information<\/h2>\t\t\t\t<\/div>\n\t\t\t\t<\/div>\n\t\t<div class=\"elementor-element elementor-element-677d7ed e-con-full e-flex e-con e-child\" data-id=\"677d7ed\" data-element_type=\"container\" data-e-type=\"container\">\n\t\t<div class=\"elementor-element elementor-element-bb06508 e-con-full e-flex e-con e-child\" data-id=\"bb06508\" data-element_type=\"container\" data-e-type=\"container\">\n\t\t\t\t<div class=\"elementor-element elementor-element-1b2f7bd elementor-widget__width-initial elementor-widget elementor-widget-heading\" data-id=\"1b2f7bd\" data-element_type=\"widget\" data-e-type=\"widget\" data-widget_type=\"heading.default\">\n\t\t\t\t<div class=\"elementor-widget-container\">\n\t\t\t\t\t<p class=\"elementor-heading-title elementor-size-default\">Contactez-nous !<\/p>\t\t\t\t<\/div>\n\t\t\t\t<\/div>\n\t\t\t\t<div class=\"elementor-element elementor-element-20de266 elementor-widget__width-initial elementor-widget elementor-widget-heading\" data-id=\"20de266\" data-element_type=\"widget\" data-e-type=\"widget\" data-widget_type=\"heading.default\">\n\t\t\t\t<div class=\"elementor-widget-container\">\n\t\t\t\t\t<p class=\"elementor-heading-title elementor-size-default\">Contactez <span class=\"nowrap\">P-Laser<\/span> Canada d\u00e8s aujourd\u2019hui pour discuter avec l\u2019un de nos sp\u00e9cialistes. Que ce soit pour une consultation initiale, des conseils personnalis\u00e9s selon votre industrie ou une solution sur mesure, nous sommes l\u00e0 pour r\u00e9pondre \u00e0 vos besoins. Faites le premier pas vers un environnement plus propre et une meilleure productivit\u00e9, contactez-nous d\u00e8s maintenant.<\/p>\t\t\t\t<\/div>\n\t\t\t\t<\/div>\n\t\t\t\t<div class=\"elementor-element elementor-element-e27fba4 nous_jouindre_icon_list elementor-icon-list--layout-traditional elementor-list-item-link-full_width elementor-widget elementor-widget-icon-list\" data-id=\"e27fba4\" data-element_type=\"widget\" data-e-type=\"widget\" data-widget_type=\"icon-list.default\">\n\t\t\t\t<div class=\"elementor-widget-container\">\n\t\t\t\t\t\t\t<ul class=\"elementor-icon-list-items\">\n\t\t\t\t\t\t\t<li class=\"elementor-icon-list-item\">\n\t\t\t\t\t\t\t\t\t\t\t<span class=\"elementor-icon-list-icon\">\n\t\t\t\t\t\t\t<svg xmlns=\"http:\/\/www.w3.org\/2000\/svg\" viewBox=\"0 0 27 28\"><defs><style>      #Parler-2-rouge .cls-1 {        fill: #ea1b23;      }    <\/style><\/defs><g><g id=\"Parler-2-rouge\"><g><path class=\"cls-1\" d=\"M12.8364,16.094c-.5166.5159-1.3561.5166-1.8727,0l-.3204-.3203s-.0004-.0002-.0006-.0005c0,0,0-.0002-.0001-.0002l-1.063-1.063c-.6631-.6631-1.741-.6631-2.4042,0l-1.4851,1.4861c-.3212.321-.4984.7476-.4984,1.2021,0,.4543.1772.8806.4984,1.2019l1.0629,1.063c.0016.0017.004.0022.0056.0039l.3156.3154c.8883.8892,2.0573,1.3337,3.2246,1.3337l.0009-.0015c1.168,0,2.3362-.4446,3.2253-1.3337l5.7612-5.7612c.8608-.8611,1.3353-2.0068,1.3353-3.2246s-.4745-2.3628-1.3353-3.2246l-.3204-.3203c-.002-.002-.0048-.0024-.0068-.0044l-1.0568-1.0569c-.6632-.6631-1.7418-.6624-2.4042,0l-1.4852,1.4851c-.6631.6633-.6624,1.7419,0,2.4043l1.063,1.063c.0007.0007.0018.001.0026.0017l.3185.3176c.5166.5166.5166,1.3562,0,1.8728l-2.5605,2.5605ZM16.0858,14.2222c.8958-.8958.8958-2.3528,0-3.2495l-.3204-.3203c-.0007-.0007-.0018-.001-.0025-.0017l-1.0611-1.061c-.2831-.2825-.2831-.7434,0-1.0266l1.4852-1.4854c.2831-.2822.7434-.2822,1.0265,0l.7186.7188-1.2559,1.2559c-.1904.1904-.1904.4985,0,.6887.1904.1904.4984.1904.6887,0l1.2547-1.2546c.6622.6743,1.0284,1.5635,1.0284,2.5098,0,.9578-.3734,1.8594-1.0505,2.5364l-5.7612,5.7612c-1.399,1.3992-3.6748,1.3984-5.0731,0l-.3204-.3203c-.0015-.0015-.0034-.002-.0049-.0032l-1.0588-1.0588c-.1375-.1375-.2128-.3196-.2128-.5132,0-.1938.0753-.376.2128-.5134l1.4852-1.4858c.2832-.2832.7434-.2832,1.0266,0l.7185.7185-1.1598,1.1599c-.1904.1904-.1904.4983,0,.6887s.4984.1904.6888,0l1.1622-1.1624c.4448.4321,1.0206.6504,1.5987.6504h.0016c.5879,0,1.1765-.2234,1.6244-.6714l2.5605-2.5605Z\"><\/path><path class=\"cls-1\" d=\"M2.7837,20.9556c.0902,0,.182-.0249.2632-.0779.2261-.1458.2905-.447.1449-.6731-1.27-1.9688-1.9414-4.2554-1.9414-6.6138C1.2504,6.8369,6.7458,1.3413,13.4988,1.3413c2.4307,0,4.7784.7097,6.7903,2.0515.3849.2566.76.5391,1.1134.8379.2054.1746.5133.1482.6864-.0571.1738-.2053.1482-.5125-.0571-.6863-.3817-.3228-.7865-.6267-1.202-.9041-2.1724-1.4495-4.7074-2.2156-7.3301-2.2156C6.2086.3677.2769,6.2996.2769,13.5908c0,2.5464.7252,5.0159,2.0978,7.1418.0928.1443.2493.2229.4091.2229Z\"><\/path><path class=\"cls-1\" d=\"M24.8729,6.8394c-.1375-.231-.4364-.3081-.6672-.1699-.2319.1375-.3073.4365-.1698.6675,1.121,1.884,1.7137,4.0474,1.7137,6.2537,0,6.7546-5.4946,12.2493-12.2493,12.2493-1.967,0-3.9166-.4761-5.6394-1.376-.0057-.0029-.0121-.0024-.0179-.0051-.0232-.011-.0484-.0142-.073-.0212-.0375-.011-.0739-.0239-.1119-.0256-.0153-.0007-.0305.0044-.0459.0051-.0485.0024-.0959.0073-.1414.0239-.0033.001-.0067.0005-.0099.0015l-5.7372,2.207c-.0554.0242-.0985,0-.1233-.0229-.0249-.0232-.0514-.0623-.0414-.0994l1.1416-3.3901c.0861-.2551-.0505-.5315-.3054-.6169-.2567-.0869-.5306.0513-.6168.3057l-1.1492,3.4116c-.1141.4014.0059.8254.3138,1.1069.2053.1887.4678.2871.7351.2871v.001c.1326,0,.2657-.0239.3949-.0737l5.5509-2.1355c1.809.9026,3.832,1.3904,5.8754,1.3904h.0009c7.2911,0,13.2228-5.9319,13.2228-13.2229,0-2.3818-.6399-4.7166-1.8502-6.7512Z\"><\/path><\/g><\/g><\/g><\/svg>\t\t\t\t\t\t<\/span>\n\t\t\t\t\t\t\t\t\t\t<span class=\"elementor-icon-list-text\"><a href=\"tel:+16132221424\" class=\"tel\">613 222-1424<\/a> | <a href=\"tel:+16137204198\" class=\"tel\">613 720-4198<\/a><\/span>\n\t\t\t\t\t\t\t\t\t<\/li>\n\t\t\t\t\t\t\t\t<li class=\"elementor-icon-list-item\">\n\t\t\t\t\t\t\t\t\t\t\t<span class=\"elementor-icon-list-icon\">\n\t\t\t\t\t\t\t<svg xmlns=\"http:\/\/www.w3.org\/2000\/svg\" viewBox=\"0 0 27 28\"><defs><style>      #Calendrier-rouge .cls-1 {        fill: #ea1b23;      }      #Calendrier-rouge .cls-2 {        isolation: isolate;      }    <\/style><\/defs><g><g id=\"Calendrier-rouge\"><g class=\"cls-2\"><g><path class=\"cls-1\" d=\"M20.3683,4.7821c0,.475-.3865.8615-.8606.8615h-.6604c-.4749,0-.8606-.3865-.8606-.8615v-1.9916c0-.4749.3866-.8615.8606-.8615h.6604c.475,0,.8606.3865.8606.8615v1.9916ZM8.5417,4.7821c0,.475-.3865.8615-.8606.8615h-.6604c-.4749,0-.8606-.3865-.8606-.8615v-1.9916c0-.4749.3866-.8615.8606-.8615h.6604c.475,0,.8606.3865.8606.8615v1.9916ZM23.347,3.7863h-2.0505v-.9966c0-.9871-.8033-1.7897-1.7897-1.7897h-.6604c-.9862,0-1.7897.8034-1.7897,1.7897v.9958h-7.5859v-.9958c0-.9871-.8033-1.7897-1.7897-1.7897h-.6604c-.9862,0-1.7897.8034-1.7897,1.7897v.9958h-1.5773c-1.7385.0009-3.153,1.3936-3.153,3.1044v11.2892c0,.2565.208.4645.4646.4645s.4645-.208.4645-.4645v-8.3573h17.0378c.2565,0,.4645-.208.4645-.4645s-.208-.4645-.4645-.4645H1.4291v-2.0038c0-1.1995.9976-2.1744,2.2247-2.1744h1.5773v.0676c0,.9872.8035,1.7897,1.7897,1.7897h.6604c.9863,0,1.7897-.8034,1.7897-1.7897v-.0676h7.5859v.0676c0,.9872.8035,1.7897,1.7897,1.7897h.6604c.9863,0,1.7897-.8034,1.7897-1.7897v-.0684h2.0505c1.2272,0,2.2247.9758,2.2247,2.1744v2.0046s-.0061-.0009-.0087-.0009h-3.7838c-.2566,0-.4646.208-.4646.4645s.208.4645.4646.4645h3.7838s.0061,0,.0087-.0009v14.0764c0,1.1995-.9976,2.1744-2.2247,2.1744H3.6538c-1.2263,0-2.2247-.9758-2.2247-2.1744v-2.0037c0-.2565-.208-.4645-.4646-.4645s-.4645.208-.4645.4645v2.0037c0,1.7108,1.4144,3.1035,3.153,3.1035h19.6932c1.7385,0,3.1538-1.3918,3.1538-3.1035V6.8899c0-1.7108-1.4144-3.1036-3.1538-3.1036h.0009Z\"><\/path><path class=\"cls-1\" d=\"M5.608,13.6942c0-.1127.0919-.2045.2037-.2045h2.0054c.1127,0,.2037.0919.2037.2045v2.0055c0,.1127-.0919.2045-.2037.2045h-2.0054c-.1127,0-.2037-.0918-.2037-.2045v-2.0055ZM5.8118,16.8333h2.0054c.624,0,1.1328-.5078,1.1328-1.1327v-2.0055c0-.6249-.5079-1.1327-1.1328-1.1327h-2.0054c-.624,0-1.1328.5078-1.1328,1.1327v2.0055c0,.6249.5079,1.1327,1.1328,1.1327\"><\/path><path class=\"cls-1\" d=\"M12.2943,13.6942c0-.1127.0918-.2045.2045-.2045h2.0055c.1127,0,.2046.0919.2046.2045v2.0055c0,.1127-.0919.2045-.2046.2045h-2.0055c-.1127,0-.2045-.0918-.2045-.2045v-2.0055ZM12.4988,16.8333h2.0055c.6249,0,1.1327-.5078,1.1327-1.1327v-2.0055c0-.6249-.5078-1.1327-1.1327-1.1327h-2.0055c-.6248,0-1.1327.5078-1.1327,1.1327v2.0055c0,.6249.5079,1.1327,1.1327,1.1327Z\"><\/path><path class=\"cls-1\" d=\"M18.9801,13.6942c0-.1127.0919-.2045.2036-.2045h2.0055c.1127,0,.2046.0919.2046.2045v2.0055c0,.1127-.0919.2045-.2046.2045h-2.0055c-.1127,0-.2036-.0918-.2036-.2045v-2.0055ZM19.1837,16.8333h2.0055c.6249,0,1.1328-.5078,1.1328-1.1327v-2.0055c0-.6249-.5079-1.1327-1.1328-1.1327h-2.0055c-.6239,0-1.1327.5078-1.1327,1.1327v2.0055c0,.6249.5078,1.1327,1.1327,1.1327\"><\/path><path class=\"cls-1\" d=\"M5.6072,20.1951c0-.1127.0919-.2045.2036-.2045h2.0055c.1127,0,.2037.0919.2037.2045v2.0055c0,.1127-.0919.2045-.2037.2045h-2.0055c-.1125,0-.2036-.0919-.2036-.2045v-2.0055ZM4.679,22.2006c0,.6249.5079,1.1327,1.1328,1.1327h2.0054c.624,0,1.1328-.5078,1.1328-1.1327v-2.0055c0-.6249-.5079-1.1327-1.1328-1.1327h-2.0054c-.624,0-1.1328.5078-1.1328,1.1327v2.0055Z\"><\/path><path class=\"cls-1\" d=\"M12.2921,20.1951c0-.1127.0919-.2045.2045-.2045h2.0055c.1127,0,.2046.0919.2046.2045v2.0055c0,.1127-.0919.2045-.2046.2045h-2.0055c-.1125,0-.2045-.0919-.2045-.2045v-2.0055ZM11.3639,22.2006c0,.6249.5079,1.1327,1.1327,1.1327h2.0055c.6249,0,1.1328-.5078,1.1328-1.1327v-2.0055c0-.6249-.5079-1.1327-1.1328-1.1327h-2.0055c-.6248,0-1.1327.5078-1.1327,1.1327v2.0055Z\"><\/path><path class=\"cls-1\" d=\"M18.9792,20.1951c0-.1127.0918-.2045.2036-.2045h2.0055c.1127,0,.2046.0919.2046.2045v2.0055c0,.1127-.0919.2045-.2046.2045h-2.0055c-.1127,0-.2036-.0919-.2036-.2045v-2.0055ZM18.051,22.2006c0,.6249.5078,1.1327,1.1327,1.1327h2.0055c.6249,0,1.1328-.5078,1.1328-1.1327v-2.0055c0-.6249-.5079-1.1327-1.1328-1.1327h-2.0055c-.6239,0-1.1327.5078-1.1327,1.1327v2.0055Z\"><\/path><\/g><\/g><\/g><\/g><\/svg>\t\t\t\t\t\t<\/span>\n\t\t\t\t\t\t\t\t\t\t<span class=\"elementor-icon-list-text\">Lundi au vendredi <br>8AM to 4PM<\/span>\n\t\t\t\t\t\t\t\t\t<\/li>\n\t\t\t\t\t\t<\/ul>\n\t\t\t\t\t\t<\/div>\n\t\t\t\t<\/div>\n\t\t\t\t<\/div>\n\t\t<div class=\"elementor-element elementor-element-d7efae3 e-con-full e-flex e-con e-child\" data-id=\"d7efae3\" data-element_type=\"container\" data-e-type=\"container\">\n\t\t\t\t<div class=\"elementor-element elementor-element-66d10c9 elementor-button-align-start formulaire_de_demande elementor-widget elementor-widget-form\" data-id=\"66d10c9\" data-element_type=\"widget\" data-e-type=\"widget\" data-settings=\"{&quot;step_next_label&quot;:&quot;Next&quot;,&quot;step_previous_label&quot;:&quot;Previous&quot;,&quot;button_width&quot;:&quot;100&quot;,&quot;step_type&quot;:&quot;number_text&quot;,&quot;step_icon_shape&quot;:&quot;circle&quot;}\" data-widget_type=\"form.default\">\n\t\t\t\t<div class=\"elementor-widget-container\">\n\t\t\t\t\t\t\t<form class=\"elementor-form\" method=\"post\" name=\"Formulaire de demande d\u2019information\u200b\" aria-label=\"Formulaire de demande d\u2019information\u200b\">\n\t\t\t<input type=\"hidden\" name=\"post_id\" value=\"460\"\/>\n\t\t\t<input type=\"hidden\" name=\"form_id\" value=\"66d10c9\"\/>\n\t\t\t<input type=\"hidden\" name=\"referer_title\" value=\"\" \/>\n\n\t\t\t\n\t\t\t<div class=\"elementor-form-fields-wrapper elementor-labels-\">\n\t\t\t\t\t\t\t\t<div class=\"elementor-field-type-text elementor-field-group elementor-column elementor-field-group-pnom elementor-col-50 elementor-sm-100 elementor-field-required\">\n\t\t\t\t\t\t\t\t\t\t\t\t<label for=\"form-field-pnom\" class=\"elementor-field-label elementor-screen-only\">\n\t\t\t\t\t\t\t\tPr\u00e9nom\t\t\t\t\t\t\t<\/label>\n\t\t\t\t\t\t\t\t\t\t\t\t\t\t<input size=\"1\" type=\"text\" name=\"form_fields[pnom]\" id=\"form-field-pnom\" class=\"elementor-field elementor-size-sm  elementor-field-textual\" placeholder=\"Pr\u00e9nom\" required=\"required\">\n\t\t\t\t\t\t\t\t\t\t\t<\/div>\n\t\t\t\t\t\t\t\t<div class=\"elementor-field-type-text elementor-field-group elementor-column elementor-field-group-nom elementor-col-50 elementor-sm-100\">\n\t\t\t\t\t\t\t\t\t\t\t\t<label for=\"form-field-nom\" class=\"elementor-field-label elementor-screen-only\">\n\t\t\t\t\t\t\t\tNom\t\t\t\t\t\t\t<\/label>\n\t\t\t\t\t\t\t\t\t\t\t\t\t\t<input size=\"1\" type=\"text\" name=\"form_fields[nom]\" id=\"form-field-nom\" class=\"elementor-field elementor-size-sm  elementor-field-textual\" placeholder=\"Nom\">\n\t\t\t\t\t\t\t\t\t\t\t<\/div>\n\t\t\t\t\t\t\t\t<div class=\"elementor-field-type-text elementor-field-group elementor-column elementor-field-group-field_d80cbbd elementor-col-50 elementor-sm-100\">\n\t\t\t\t\t\t\t\t\t\t\t\t<label for=\"form-field-field_d80cbbd\" class=\"elementor-field-label elementor-screen-only\">\n\t\t\t\t\t\t\t\tEntreprise\t\t\t\t\t\t\t<\/label>\n\t\t\t\t\t\t\t\t\t\t\t\t\t\t<input size=\"1\" type=\"text\" name=\"form_fields[field_d80cbbd]\" id=\"form-field-field_d80cbbd\" class=\"elementor-field elementor-size-sm  elementor-field-textual\" placeholder=\"Entreprise\">\n\t\t\t\t\t\t\t\t\t\t\t<\/div>\n\t\t\t\t\t\t\t\t<div class=\"elementor-field-type-select elementor-field-group elementor-column elementor-field-group-field_3dd6b25 elementor-col-50 elementor-sm-100 elementor-field-required\">\n\t\t\t\t\t\t\t\t\t\t\t\t<label for=\"form-field-field_3dd6b25\" class=\"elementor-field-label elementor-screen-only\">\n\t\t\t\t\t\t\t\tProvince\t\t\t\t\t\t\t<\/label>\n\t\t\t\t\t\t\t\t<div class=\"elementor-field elementor-select-wrapper remove-before \">\n\t\t\t<div class=\"select-caret-down-wrapper\">\n\t\t\t\t<svg aria-hidden=\"true\" class=\"e-font-icon-svg e-eicon-caret-down\" viewBox=\"0 0 571.4 571.4\" xmlns=\"http:\/\/www.w3.org\/2000\/svg\"><path d=\"M571 393Q571 407 561 418L311 668Q300 679 286 679T261 668L11 418Q0 407 0 393T11 368 36 357H536Q550 357 561 368T571 393Z\"><\/path><\/svg>\t\t\t<\/div>\n\t\t\t<select name=\"form_fields[field_3dd6b25]\" id=\"form-field-field_3dd6b25\" class=\"elementor-field-textual elementor-size-sm\" required=\"required\">\n\t\t\t\t\t\t\t\t\t<option value=\"---\">---<\/option>\n\t\t\t\t\t\t\t\t\t<option value=\"Alberta\">Alberta<\/option>\n\t\t\t\t\t\t\t\t\t<option value=\"Colombie-Britannique\">Colombie-Britannique<\/option>\n\t\t\t\t\t\t\t\t\t<option value=\"\u00cele-du-Prince-\u00c9douard\">\u00cele-du-Prince-\u00c9douard<\/option>\n\t\t\t\t\t\t\t\t\t<option value=\"Manitoba\">Manitoba<\/option>\n\t\t\t\t\t\t\t\t\t<option value=\"Nouveau-Brunswick\">Nouveau-Brunswick<\/option>\n\t\t\t\t\t\t\t\t\t<option value=\"Nouvelle-\u00c9cosse\">Nouvelle-\u00c9cosse<\/option>\n\t\t\t\t\t\t\t\t\t<option value=\"Nunavut\">Nunavut<\/option>\n\t\t\t\t\t\t\t\t\t<option value=\"Ontario\">Ontario<\/option>\n\t\t\t\t\t\t\t\t\t<option value=\"Qu\u00e9bec\">Qu\u00e9bec<\/option>\n\t\t\t\t\t\t\t\t\t<option value=\"Saskatchewan\">Saskatchewan<\/option>\n\t\t\t\t\t\t\t\t\t<option value=\"Terre-Neuve-et-Labrador\">Terre-Neuve-et-Labrador<\/option>\n\t\t\t\t\t\t\t\t\t<option value=\"Territoires du Nord-Ouest\">Territoires du Nord-Ouest<\/option>\n\t\t\t\t\t\t\t\t\t<option value=\"Yukon\">Yukon<\/option>\n\t\t\t\t\t\t\t<\/select>\n\t\t<\/div>\n\t\t\t\t\t\t<\/div>\n\t\t\t\t\t\t\t\t<div class=\"elementor-field-type-email elementor-field-group elementor-column elementor-field-group-field_0fa7195 elementor-col-50 elementor-sm-100 elementor-field-required\">\n\t\t\t\t\t\t\t\t\t\t\t\t<label for=\"form-field-field_0fa7195\" class=\"elementor-field-label elementor-screen-only\">\n\t\t\t\t\t\t\t\tCourriel\t\t\t\t\t\t\t<\/label>\n\t\t\t\t\t\t\t\t\t\t\t\t\t\t<input size=\"1\" type=\"email\" name=\"form_fields[field_0fa7195]\" id=\"form-field-field_0fa7195\" class=\"elementor-field elementor-size-sm  elementor-field-textual\" placeholder=\"Courriel\" required=\"required\">\n\t\t\t\t\t\t\t\t\t\t\t<\/div>\n\t\t\t\t\t\t\t\t<div class=\"elementor-field-type-text elementor-field-group elementor-column elementor-field-group-field_1bc5a6a elementor-col-50 elementor-sm-100 elementor-field-required\">\n\t\t\t\t\t\t\t\t\t\t\t\t<label for=\"form-field-field_1bc5a6a\" class=\"elementor-field-label elementor-screen-only\">\n\t\t\t\t\t\t\t\tT\u00e9l\u00e9phone\t\t\t\t\t\t\t<\/label>\n\t\t\t\t\t\t\t\t\t\t\t\t\t\t<input size=\"1\" type=\"text\" name=\"form_fields[field_1bc5a6a]\" id=\"form-field-field_1bc5a6a\" class=\"elementor-field elementor-size-sm  elementor-field-textual\" placeholder=\"T\u00e9l\u00e9phone\" required=\"required\">\n\t\t\t\t\t\t\t\t\t\t\t<\/div>\n\t\t\t\t\t\t\t\t<div class=\"elementor-field-type-textarea elementor-field-group elementor-column elementor-field-group-message elementor-col-100 elementor-sm-100\">\n\t\t\t\t\t\t\t\t\t\t\t\t<label for=\"form-field-message\" class=\"elementor-field-label elementor-screen-only\">\n\t\t\t\t\t\t\t\tCommentaires\t\t\t\t\t\t\t<\/label>\n\t\t\t\t\t\t<textarea class=\"elementor-field-textual elementor-field  elementor-size-sm\" name=\"form_fields[message]\" id=\"form-field-message\" rows=\"8\" placeholder=\"Commentaires\"><\/textarea>\t\t\t\t<\/div>\n\t\t\t\t\t\t\t\t<div class=\"elementor-field-type-acceptance elementor-field-group elementor-column elementor-field-group-field_c2b6709 elementor-col-100 elementor-field-required\">\n\t\t\t\t\t\t\t<div class=\"elementor-field-subgroup\">\n\t\t\t<span class=\"elementor-field-option\">\n\t\t\t\t<input type=\"checkbox\" name=\"form_fields[field_c2b6709]\" id=\"form-field-field_c2b6709\" class=\"elementor-field elementor-size-sm  elementor-acceptance-field\" required=\"required\">\n\t\t\t\t<label for=\"form-field-field_c2b6709\">J\u2019accepte et comprends que mes donn\u00e9es seront utilis\u00e9es uniquement pour des fins de recrutement conform\u00e9ment \u00e0 la <a href=\"\/fr\/politique-de-protection-des-renseignements-personnels\/\" target=\"_blank\">politique de confidentialit\u00e9 de l\u2019entreprise<\/a>.<\/label>\t\t\t<\/span>\n\t\t<\/div>\n\t\t\t\t\t\t<\/div>\n\t\t\t\t\t\t\t\t<div class=\"elementor-field-group elementor-column elementor-field-type-submit elementor-col-100 e-form__buttons\">\n\t\t\t\t\t<button class=\"elementor-button elementor-size-sm\" type=\"submit\">\n\t\t\t\t\t\t<span class=\"elementor-button-content-wrapper\">\n\t\t\t\t\t\t\t\t\t\t\t\t\t\t\t\t\t\t\t\t\t\t<span class=\"elementor-button-text\">Envoyer<\/span>\n\t\t\t\t\t\t\t\t\t\t\t\t\t<\/span>\n\t\t\t\t\t<\/button>\n\t\t\t\t<\/div>\n\t\t\t<\/div>\n\t\t<input\n                    class=\"apbct_special_field apbct_email_id__elementor_form\"\n                    name=\"apbct__email_id__elementor_form\"\n                    aria-label=\"apbct__label_id__elementor_form\"\n                    type=\"text\" size=\"30\" maxlength=\"200\" autocomplete=\"off\"\n                    value=\"\"\n                \/><\/form>\n\t\t\t\t\t\t<\/div>\n\t\t\t\t<\/div>\n\t\t\t\t<\/div>\n\t\t\t\t<\/div>\n\t\t\t\t\t<\/div>\n\t\t\t\t<\/div>\n\t\t\t\t<\/div>\n\t\t","protected":false},"excerpt":{"rendered":"<p>Vous avez un projet de nettoyage en t\u00eate? P-Laser | Industries | Nous joindre Formulaire de demande d\u2019information Contactez-nous ! Contactez P-Laser Canada d\u00e8s aujourd\u2019hui pour discuter avec l\u2019un de nos sp\u00e9cialistes. Que ce soit pour une consultation initiale, des conseils personnalis\u00e9s selon votre industrie ou une solution sur mesure, nous sommes l\u00e0 pour r\u00e9pondre [&hellip;]<\/p>\n","protected":false},"author":1,"featured_media":0,"parent":0,"menu_order":6,"comment_status":"closed","ping_status":"closed","template":"elementor_header_footer","meta":{"_seopress_robots_primary_cat":"","_seopress_titles_title":"P-Laser | Nous joindre","_seopress_titles_desc":"Contactez P-Laser Canada pour discuter avec l\u2019un de nos sp\u00e9cialistes. Faites le premier pas vers un environnement plus propre et une meilleure productivit\u00e9.","_seopress_robots_index":"","inline_featured_image":false,"footnotes":""},"class_list":["post-460","page","type-page","status-publish","hentry"],"_links":{"self":[{"href":"https:\/\/p-lasercanada.ca\/fr\/wp-json\/wp\/v2\/pages\/460","targetHints":{"allow":["GET"]}}],"collection":[{"href":"https:\/\/p-lasercanada.ca\/fr\/wp-json\/wp\/v2\/pages"}],"about":[{"href":"https:\/\/p-lasercanada.ca\/fr\/wp-json\/wp\/v2\/types\/page"}],"author":[{"embeddable":true,"href":"https:\/\/p-lasercanada.ca\/fr\/wp-json\/wp\/v2\/users\/1"}],"replies":[{"embeddable":true,"href":"https:\/\/p-lasercanada.ca\/fr\/wp-json\/wp\/v2\/comments?post=460"}],"version-history":[{"count":74,"href":"https:\/\/p-lasercanada.ca\/fr\/wp-json\/wp\/v2\/pages\/460\/revisions"}],"predecessor-version":[{"id":2528,"href":"https:\/\/p-lasercanada.ca\/fr\/wp-json\/wp\/v2\/pages\/460\/revisions\/2528"}],"wp:attachment":[{"href":"https:\/\/p-lasercanada.ca\/fr\/wp-json\/wp\/v2\/media?parent=460"}],"curies":[{"name":"wp","href":"https:\/\/api.w.org\/{rel}","templated":true}]}}