{"id":457,"date":"2024-09-23T15:14:21","date_gmt":"2024-09-23T19:14:21","guid":{"rendered":"https:\/\/p-lasercanada.ca\/service-providers\/"},"modified":"2024-10-24T11:18:33","modified_gmt":"2024-10-24T15:18:33","slug":"fournisseurs-de-services","status":"publish","type":"page","link":"https:\/\/p-lasercanada.ca\/fr\/fournisseurs-de-services\/","title":{"rendered":"Fournisseurs de services"},"content":{"rendered":"\t\t<div data-elementor-type=\"wp-page\" data-elementor-id=\"457\" class=\"elementor elementor-457 elementor-424\" data-elementor-post-type=\"page\">\n\t\t\t\t<div class=\"elementor-element elementor-element-0ff0735 e-flex e-con-boxed e-con e-parent\" data-id=\"0ff0735\" data-element_type=\"container\" data-e-type=\"container\" data-settings=\"{&quot;background_background&quot;:&quot;classic&quot;}\">\n\t\t\t\t\t<div class=\"e-con-inner\">\n\t\t\t\t<div class=\"elementor-element elementor-element-de76678 text_mobile_shadow elementor-widget elementor-widget-heading\" data-id=\"de76678\" data-element_type=\"widget\" data-e-type=\"widget\" data-widget_type=\"heading.default\">\n\t\t\t\t<div class=\"elementor-widget-container\">\n\t\t\t\t\t<h1 class=\"elementor-heading-title elementor-size-default\">Des experts du nettoyage  <br class=\"br\"> au laser \u00e0 votre service<\/h1>\t\t\t\t<\/div>\n\t\t\t\t<\/div>\n\t\t\t\t\t<\/div>\n\t\t\t\t<\/div>\n\t\t<div class=\"elementor-element elementor-element-0197065 e-flex e-con-boxed e-con e-parent\" data-id=\"0197065\" data-element_type=\"container\" data-e-type=\"container\">\n\t\t\t\t\t<div class=\"e-con-inner\">\n\t\t\t\t<div class=\"elementor-element elementor-element-bd8ec89 elementor-widget elementor-widget-heading\" data-id=\"bd8ec89\" data-element_type=\"widget\" data-e-type=\"widget\" data-widget_type=\"heading.default\">\n\t\t\t\t<div class=\"elementor-widget-container\">\n\t\t\t\t\t<div class=\"elementor-heading-title elementor-size-default\">P-Laser | <a href=\"\/fr\/industries\/\">Industries<\/a> | <span class=\"red\">Fournisseurs de services<\/span><\/div>\t\t\t\t<\/div>\n\t\t\t\t<\/div>\n\t\t\t\t<div class=\"elementor-element elementor-element-a026b03 elementor-widget__width-initial elementor-widget elementor-widget-heading\" data-id=\"a026b03\" data-element_type=\"widget\" data-e-type=\"widget\" data-widget_type=\"heading.default\">\n\t\t\t\t<div class=\"elementor-widget-container\">\n\t\t\t\t\t<h2 class=\"elementor-heading-title elementor-size-default\">Vous cherchez \u00e0 nettoyer vos surfaces, mais ne disposez pas de l\u2019\u00e9quipe interne ad\u00e9quate?<\/h2>\t\t\t\t<\/div>\n\t\t\t\t<\/div>\n\t\t\t\t<div class=\"elementor-element elementor-element-f664add elementor-widget__width-initial elementor-widget elementor-widget-heading\" data-id=\"f664add\" data-element_type=\"widget\" data-e-type=\"widget\" data-widget_type=\"heading.default\">\n\t\t\t\t<div class=\"elementor-widget-container\">\n\t\t\t\t\t<p class=\"elementor-heading-title elementor-size-default\">Ne vous inqui\u00e9tez pas, <span class=\"nowrap\">P-Laser<\/span> Canada met \u00e0 votre disposition une \u00e9quipe d\u2019experts r\u00e9put\u00e9s dans l\u2019utilisation des syst\u00e8mes de nettoyage. Nos sp\u00e9cialistes sont pr\u00eats \u00e0 relever tous les d\u00e9fis pour vous garantir un nettoyage impeccable et efficace. Contactez-nous d\u00e8s maintenant pour b\u00e9n\u00e9ficier de leur expertise.<\/p>\t\t\t\t<\/div>\n\t\t\t\t<\/div>\n\t\t<div class=\"elementor-element elementor-element-37fe1f3 e-con-full e-flex e-con e-child\" data-id=\"37fe1f3\" data-element_type=\"container\" data-e-type=\"container\">\n\t\t<div class=\"elementor-element elementor-element-e98cb6c e-con-full e-flex e-con e-child\" data-id=\"e98cb6c\" data-element_type=\"container\" data-e-type=\"container\">\n\t\t\t\t<div class=\"elementor-element elementor-element-86c0e03 elementor-widget elementor-widget-image\" data-id=\"86c0e03\" data-element_type=\"widget\" data-e-type=\"widget\" data-widget_type=\"image.default\">\n\t\t\t\t<div class=\"elementor-widget-container\">\n\t\t\t\t\t\t\t\t\t\t\t\t\t\t\t\t<a href=\"https:\/\/www.ablatec.com\/\" target=\"_blank\">\n\t\t\t\t\t\t\t<img decoding=\"async\" width=\"1\" height=\"1\" src=\"https:\/\/p-lasercanada.ca\/wp-content\/uploads\/2024\/09\/Ablatec.svg\" class=\"attachment-full size-full wp-image-41\" alt=\"\" \/>\t\t\t\t\t\t\t\t<\/a>\n\t\t\t\t\t\t\t\t\t\t\t\t\t\t\t<\/div>\n\t\t\t\t<\/div>\n\t\t\t\t<div class=\"elementor-element elementor-element-5c97a77 elementor-widget elementor-widget-heading\" data-id=\"5c97a77\" data-element_type=\"widget\" data-e-type=\"widget\" data-widget_type=\"heading.default\">\n\t\t\t\t<div class=\"elementor-widget-container\">\n\t\t\t\t\t<h2 class=\"elementor-heading-title elementor-size-default\">Ablatec<\/h2>\t\t\t\t<\/div>\n\t\t\t\t<\/div>\n\t\t\t\t<div class=\"elementor-element elementor-element-22923aa elementor-widget elementor-widget-heading\" data-id=\"22923aa\" data-element_type=\"widget\" data-e-type=\"widget\" data-widget_type=\"heading.default\">\n\t\t\t\t<div class=\"elementor-widget-container\">\n\t\t\t\t\t<h2 class=\"elementor-heading-title elementor-size-default\">Saguenay-Lac-Saint-Jean <br class=\"br\">Qu\u00e9bec<\/h2>\t\t\t\t<\/div>\n\t\t\t\t<\/div>\n\t\t\t\t<div class=\"elementor-element elementor-element-67667f3 elementor-widget elementor-widget-heading\" data-id=\"67667f3\" data-element_type=\"widget\" data-e-type=\"widget\" data-widget_type=\"heading.default\">\n\t\t\t\t<div class=\"elementor-widget-container\">\n\t\t\t\t\t<h2 class=\"elementor-heading-title elementor-size-default\"><a href=\"tel:+14187181204\">418 718-1204<\/a><\/h2>\t\t\t\t<\/div>\n\t\t\t\t<\/div>\n\t\t\t\t<div class=\"elementor-element elementor-element-addeca1 elementor-widget elementor-widget-heading\" data-id=\"addeca1\" data-element_type=\"widget\" data-e-type=\"widget\" data-widget_type=\"heading.default\">\n\t\t\t\t<div class=\"elementor-widget-container\">\n\t\t\t\t\t<h2 class=\"elementor-heading-title elementor-size-default\"><a href=\"https:\/\/www.ablatec.com\/\" target=\"_blank\">www.ablatec.com<\/a><\/h2>\t\t\t\t<\/div>\n\t\t\t\t<\/div>\n\t\t\t\t<\/div>\n\t\t<div class=\"elementor-element elementor-element-398d830 e-con-full e-flex e-con e-child\" data-id=\"398d830\" data-element_type=\"container\" data-e-type=\"container\">\n\t\t\t\t<div class=\"elementor-element elementor-element-969a3cd elementor-widget elementor-widget-image\" data-id=\"969a3cd\" data-element_type=\"widget\" data-e-type=\"widget\" data-widget_type=\"image.default\">\n\t\t\t\t<div class=\"elementor-widget-container\">\n\t\t\t\t\t\t\t\t\t\t\t\t\t\t\t\t<a href=\"https:\/\/laserablator.com\/\" target=\"_blank\">\n\t\t\t\t\t\t\t<img fetchpriority=\"high\" decoding=\"async\" width=\"440\" height=\"468\" src=\"https:\/\/p-lasercanada.ca\/wp-content\/uploads\/2024\/09\/Logo-Laser-Ablator-Black.png\" class=\"attachment-full size-full wp-image-39\" alt=\"\" srcset=\"https:\/\/p-lasercanada.ca\/wp-content\/uploads\/2024\/09\/Logo-Laser-Ablator-Black.png 440w, https:\/\/p-lasercanada.ca\/wp-content\/uploads\/2024\/09\/Logo-Laser-Ablator-Black-282x300.png 282w\" sizes=\"(max-width: 440px) 100vw, 440px\" \/>\t\t\t\t\t\t\t\t<\/a>\n\t\t\t\t\t\t\t\t\t\t\t\t\t\t\t<\/div>\n\t\t\t\t<\/div>\n\t\t\t\t<div class=\"elementor-element elementor-element-3b4b292 elementor-widget elementor-widget-heading\" data-id=\"3b4b292\" data-element_type=\"widget\" data-e-type=\"widget\" data-widget_type=\"heading.default\">\n\t\t\t\t<div class=\"elementor-widget-container\">\n\t\t\t\t\t<h2 class=\"elementor-heading-title elementor-size-default\">Laser Ablator<\/h2>\t\t\t\t<\/div>\n\t\t\t\t<\/div>\n\t\t\t\t<div class=\"elementor-element elementor-element-95b4f67 elementor-widget elementor-widget-heading\" data-id=\"95b4f67\" data-element_type=\"widget\" data-e-type=\"widget\" data-widget_type=\"heading.default\">\n\t\t\t\t<div class=\"elementor-widget-container\">\n\t\t\t\t\t<h2 class=\"elementor-heading-title elementor-size-default\">1083, rue Rangeview, Bureau 3 <br class=\"br\">Mississauga, ON L5E 1H2<\/h2>\t\t\t\t<\/div>\n\t\t\t\t<\/div>\n\t\t\t\t<div class=\"elementor-element elementor-element-88b7224 elementor-widget elementor-widget-heading\" data-id=\"88b7224\" data-element_type=\"widget\" data-e-type=\"widget\" data-widget_type=\"heading.default\">\n\t\t\t\t<div class=\"elementor-widget-container\">\n\t\t\t\t\t<h2 class=\"elementor-heading-title elementor-size-default\"><a href=\"tel:+14163992285\">416 399-2285<\/a><\/h2>\t\t\t\t<\/div>\n\t\t\t\t<\/div>\n\t\t\t\t<div class=\"elementor-element elementor-element-1074c61 elementor-widget elementor-widget-heading\" data-id=\"1074c61\" data-element_type=\"widget\" data-e-type=\"widget\" data-widget_type=\"heading.default\">\n\t\t\t\t<div class=\"elementor-widget-container\">\n\t\t\t\t\t<h2 class=\"elementor-heading-title elementor-size-default\"><a href=\"https:\/\/laserablator.com\/\" target=\"_blank\">laserablator.com<\/a><\/h2>\t\t\t\t<\/div>\n\t\t\t\t<\/div>\n\t\t\t\t<\/div>\n\t\t\t\t<\/div>\n\t\t\t\t<div class=\"elementor-element elementor-element-2bc1f7f red_button elementor-widget elementor-widget-button\" data-id=\"2bc1f7f\" data-element_type=\"widget\" data-e-type=\"widget\" data-widget_type=\"button.default\">\n\t\t\t\t<div class=\"elementor-widget-container\">\n\t\t\t\t\t\t\t\t\t<div class=\"elementor-button-wrapper\">\n\t\t\t\t\t<a class=\"elementor-button elementor-button-link elementor-size-sm\" href=\"https:\/\/p-lasercanada.ca\/fr\/nous-joindre\/\">\n\t\t\t\t\t\t<span class=\"elementor-button-content-wrapper\">\n\t\t\t\t\t\t<span class=\"elementor-button-icon\">\n\t\t\t\t<svg xmlns=\"http:\/\/www.w3.org\/2000\/svg\" viewBox=\"0 0 30 33\"><defs><style>      #Parler-1 .cls-1 {        fill: #fff;      }    <\/style><\/defs><g><g id=\"Parler-1\"><g><polygon class=\"cls-1\" points=\"3.355 12.5129 3.355 12.5127 3.3525 12.5129 3.355 12.5129\"><\/polygon><path class=\"cls-1\" d=\"M9.2332,4.2891l-.489.0918.1837.9756.489-.0918c.1514-.0273.3029-.0498.4542-.0671l.494-.0547-.1093-.9878-.494.0544c-.1763.02-.3524.0474-.5287.0796Z\"><\/path><path class=\"cls-1\" d=\"M3.7695,8.8789c-.062.1638-.1191.3325-.1713.5039l-.144.4766.9508.2854.1439-.4766c.0447-.1489.0944-.2954.1489-.4368l.1763-.4644-.9283-.3525-.1763.4644Z\"><\/path><path class=\"cls-1\" d=\"M4.3057,11.9419c-.0099-.1489-.0173-.3052-.0198-.459v-.4966l-.9905.0049v.4966c.0024.1787.0099.3574.0223.5312l.0372.4937.9879-.0767-.0372-.4941Z\"><\/path><path class=\"cls-1\" d=\"M5.5469,16.7256l.36.3423.6851-.7173-.3599-.3425c-.1093-.1067-.2185-.2161-.3203-.3301l-.3326-.3674-.7372.6653.3326.3674c.1191.1313.2457.2605.3723.3823Z\"><\/path><path class=\"cls-1\" d=\"M5.2913,8.0273l.3027-.3945c.0919-.1218.1912-.241.293-.355l.3302-.3726-.7423-.6602-.3301.3723c-.1191.1316-.2334.2705-.3401.4094l-.3029.3948.7869.6057h.0026Z\"><\/path><path class=\"cls-1\" d=\"M6.865,6.3542l.422-.2632c.1292-.0793.2632-.1562.3997-.2283l.4393-.231-.4617-.8787-.4393.2307c-.1564.0845-.3129.1738-.4618.2656l-.422.2632.5238.844v-.0024Z\"><\/path><path class=\"cls-1\" d=\"M3.9955,14.5781l.2134.4495v-.0024l.8961-.4246-.2134-.4492c-.0646-.1392-.1267-.2805-.1813-.4221l-.1787-.4617-.9259.3599.1787.4619c.0646.1636.134.3276.2111.4888Z\"><\/path><path class=\"cls-1\" d=\"M17.874,18.6218l-.3799.3203c-1.0052.8464-1.6011,2.0974-1.6556,3.4626H6.5074c-.077-1.3774-.6802-2.6362-1.6831-3.49-2.4302-2.0627-3.6813-5.074-3.433-8.2563C1.7488,6.0537,5.4747,2.1987,10.0521,1.6924c1.4521-.1614,2.8795-.0125,4.2373.4419l.4717.1562.3153-.9407-.4717-.1565c-1.4968-.499-3.0657-.6626-4.6617-.4866C4.8169,1.2729.803,5.4258.4009,10.5815c-.2731,3.5051,1.1046,6.8188,3.7805,9.0903.854.7249,1.343,1.8296,1.343,3.0334v4.9895c0,1.0002.8142,1.8145,1.8146,1.8145h.7422c.0596.6902.3525,1.3379.8539,1.8618.5958.6206,1.4075.9905,2.2887,1.0376.0646.0024.1267.0049.1912.0049,1.7228,0,3.165-1.2634,3.2941-2.9043h.3079c1.0004,0,1.8146-.8142,1.8146-1.8145v-5.0815c0-1.1492.4766-2.2117,1.3057-2.9092l.3798-.3203-.6404-.7595-.0024-.0024ZM11.276,31.4133c-.6281-.0349-1.2064-.293-1.626-.7324-.3202-.335-.5164-.7422-.5734-1.1741h4.632c-.1316,1.127-1.194,1.9734-2.4326,1.9065ZM15.8335,27.6924c0,.4517-.3674.8215-.8217.8215h-7.6753c-.4519,0-.8217-.3674-.8217-.8215v-1.2412h1.3553v-.9929h-1.3553v-2.0603h9.3186v4.2944Z\"><\/path><rect class=\"cls-1\" x=\"10.1639\" y=\"25.4583\" width=\"5.6522\" height=\".9929\"><\/rect><path class=\"cls-1\" d=\"M28.9976,7.3025h-1.4869l-.1738-.417,1.0526-1.0525c.1936-.1936.1936-.5088,0-.7026l-2.6437-2.6436c-.1937-.1936-.5089-.1936-.7025,0l-1.0526,1.0525-.417-.1738v-1.4868c0-.2732-.2234-.4966-.4965-.4966h-3.5522c-.2731,0-.4965.2234-.4965.4966v1.4844l-.417.1738-1.0525-1.0525c-.1936-.1936-.5089-.1936-.7025,0l-2.6437,2.6436c-.1936.1936-.1936.5088,0,.7026l1.0525,1.0525-.1737.417h-1.4869c-.2731,0-.4965.2234-.4965.4963v3.5522c0,.2732.2234.4966.4965.4966h1.4869l.1737.417-1.0525,1.0525c-.1936.1936-.1936.509,0,.7024l2.6437,2.6438c.1936.1936.5089.1936.7025,0l1.0525-1.0525.417.1738v1.4868c0,.2729.2234.4966.4965.4966h3.5522v.0024c.2731,0,.4965-.2234.4965-.4966v-1.4868l.417-.1738,1.0526,1.0525c.1936.1936.5088.1936.7025,0l2.6437-2.6436c.1936-.1936.1936-.509,0-.7026l-1.0526-1.0525.1738-.417h1.4869c.2731,0,.4965-.2234.4965-.4966v-3.5522c0-.2729-.2234-.4963-.4965-.4963ZM28.5011,10.8523h-1.3231c-.201,0-.3823.1191-.4592.3054l-.427,1.03c-.0769.1863-.0347.3997.1068.5413l.9358.9358-1.9412,1.9412-.9359-.936c-.1415-.1414-.3549-.1836-.5411-.1067l-1.0302.427c-.1837.0771-.3053.2583-.3053.4592v1.323h-2.5593v-1.3206c0-.2009-.1191-.3821-.3053-.4592l-1.0302-.4268c-.1862-.0771-.3997-.0349-.5411.1067l-.9358.9358-1.9413-1.9412.9359-.9358c.1415-.1416.1837-.355.1067-.5413l-.4269-1.03c-.077-.1838-.2582-.3054-.4592-.3054h-1.3231v-2.5593h1.3231c.201,0,.3822-.1191.4592-.3052l.4269-1.0303c.077-.1863.0348-.3997-.1067-.541l-.9359-.936,1.9413-1.9412.9358.9358c.1415.1416.355.1838.5411.1069l1.0302-.427c.1837-.0769.3053-.2583.3053-.4592v-1.3232h2.5593v1.3208c0,.2009.1191.3821.3053.459l1.0302.427c.1863.0769.3997.0349.5411-.1067l.9359-.9358,1.9412,1.9412-.9358.9358c-.1415.1416-.1837.355-.1068.5413l.427,1.03c.0769.1838.2582.3054.4592.3054h1.3231v2.5593Z\"><\/path><path class=\"cls-1\" d=\"M21.3021,5.5249c-2.2316,0-4.0487,1.8171-4.0487,4.0488s1.8171,4.0486,4.0487,4.0486,4.0487-1.8169,4.0487-4.0486-1.8171-4.0488-4.0487-4.0488ZM21.3021,12.6318c-1.6855,0-3.0558-1.3701-3.0558-3.0557s1.3702-3.0557,3.0558-3.0557,3.0558,1.3701,3.0558,3.0557-1.3702,3.0557-3.0558,3.0557Z\"><\/path><\/g><\/g><\/g><\/svg>\t\t\t<\/span>\n\t\t\t\t\t\t\t\t\t<span class=\"elementor-button-text\">Parlez-nous de votre projet<\/span>\n\t\t\t\t\t<\/span>\n\t\t\t\t\t<\/a>\n\t\t\t\t<\/div>\n\t\t\t\t\t\t\t\t<\/div>\n\t\t\t\t<\/div>\n\t\t\t\t\t<\/div>\n\t\t\t\t<\/div>\n\t\t\t\t<\/div>\n\t\t","protected":false},"excerpt":{"rendered":"<p>Des experts du nettoyage au laser \u00e0 votre service P-Laser | Industries | Fournisseurs de services Vous cherchez \u00e0 nettoyer vos surfaces, mais ne disposez pas de l\u2019\u00e9quipe interne ad\u00e9quate? Ne vous inqui\u00e9tez pas, P-Laser Canada met \u00e0 votre disposition une \u00e9quipe d\u2019experts r\u00e9put\u00e9s dans l\u2019utilisation des syst\u00e8mes de nettoyage. Nos sp\u00e9cialistes sont pr\u00eats \u00e0 [&hellip;]<\/p>\n","protected":false},"author":1,"featured_media":0,"parent":0,"menu_order":5,"comment_status":"closed","ping_status":"closed","template":"elementor_header_footer","meta":{"_seopress_robots_primary_cat":"","_seopress_titles_title":"P-Laser | Experts en nettoyage au laser","_seopress_titles_desc":"Vous cherchez \u00e0 nettoyer vos surfaces mais vous n\u2019avez pas l\u2019\u00e9quipe interne ad\u00e9quate?  Pas de souci, P-Laser Canada vous fournit une \u00e9quipe d'experts.","_seopress_robots_index":"","inline_featured_image":false,"footnotes":""},"class_list":["post-457","page","type-page","status-publish","hentry"],"_links":{"self":[{"href":"https:\/\/p-lasercanada.ca\/fr\/wp-json\/wp\/v2\/pages\/457","targetHints":{"allow":["GET"]}}],"collection":[{"href":"https:\/\/p-lasercanada.ca\/fr\/wp-json\/wp\/v2\/pages"}],"about":[{"href":"https:\/\/p-lasercanada.ca\/fr\/wp-json\/wp\/v2\/types\/page"}],"author":[{"embeddable":true,"href":"https:\/\/p-lasercanada.ca\/fr\/wp-json\/wp\/v2\/users\/1"}],"replies":[{"embeddable":true,"href":"https:\/\/p-lasercanada.ca\/fr\/wp-json\/wp\/v2\/comments?post=457"}],"version-history":[{"count":26,"href":"https:\/\/p-lasercanada.ca\/fr\/wp-json\/wp\/v2\/pages\/457\/revisions"}],"predecessor-version":[{"id":2508,"href":"https:\/\/p-lasercanada.ca\/fr\/wp-json\/wp\/v2\/pages\/457\/revisions\/2508"}],"wp:attachment":[{"href":"https:\/\/p-lasercanada.ca\/fr\/wp-json\/wp\/v2\/media?parent=457"}],"curies":[{"name":"wp","href":"https:\/\/api.w.org\/{rel}","templated":true}]}}