{"id":1464,"date":"2024-09-26T12:39:01","date_gmt":"2024-09-26T16:39:01","guid":{"rendered":"https:\/\/p-lasercanada.ca\/?page_id=1464"},"modified":"2024-10-24T11:06:35","modified_gmt":"2024-10-24T15:06:35","slug":"infrastructure","status":"publish","type":"page","link":"https:\/\/p-lasercanada.ca\/fr\/industries\/infrastructure\/","title":{"rendered":"Infrastructure"},"content":{"rendered":"\t\t<div data-elementor-type=\"wp-page\" data-elementor-id=\"1464\" class=\"elementor elementor-1464\" data-elementor-post-type=\"page\">\n\t\t\t\t<div class=\"elementor-element elementor-element-2d1d199 e-flex e-con-boxed e-con e-parent\" data-id=\"2d1d199\" data-element_type=\"container\" data-e-type=\"container\" data-settings=\"{&quot;background_background&quot;:&quot;classic&quot;}\">\n\t\t\t\t\t<div class=\"e-con-inner\">\n\t\t\t\t<div class=\"elementor-element elementor-element-ae641ee text_mobile_shadow elementor-widget elementor-widget-heading\" data-id=\"ae641ee\" data-element_type=\"widget\" data-e-type=\"widget\" data-widget_type=\"heading.default\">\n\t\t\t\t<div class=\"elementor-widget-container\">\n\t\t\t\t\t<h1 class=\"elementor-heading-title elementor-size-default\">Les syst\u00e8mes de nettoyages au laser, : <br class=\"br\"> plusieurs avantages pour l\u2019infrastructure<\/h1>\t\t\t\t<\/div>\n\t\t\t\t<\/div>\n\t\t\t\t\t<\/div>\n\t\t\t\t<\/div>\n\t\t<div class=\"elementor-element elementor-element-ab9be6d e-flex e-con-boxed e-con e-parent\" data-id=\"ab9be6d\" data-element_type=\"container\" data-e-type=\"container\">\n\t\t\t\t\t<div class=\"e-con-inner\">\n\t\t\t\t<div class=\"elementor-element elementor-element-0ad6419 elementor-widget elementor-widget-heading\" data-id=\"0ad6419\" data-element_type=\"widget\" data-e-type=\"widget\" data-widget_type=\"heading.default\">\n\t\t\t\t<div class=\"elementor-widget-container\">\n\t\t\t\t\t<div class=\"elementor-heading-title elementor-size-default\">P-Laser | <a href=\"\/fr\/industries\/\">Industries<\/a> | <span class=\"red\"> Infrastructure<\/span><\/div>\t\t\t\t<\/div>\n\t\t\t\t<\/div>\n\t\t\t\t\t<\/div>\n\t\t\t\t<\/div>\n\t\t<div class=\"elementor-element elementor-element-20e577f e-flex e-con-boxed e-con e-parent\" data-id=\"20e577f\" data-element_type=\"container\" data-e-type=\"container\">\n\t\t\t\t\t<div class=\"e-con-inner\">\n\t\t\t\t<div class=\"elementor-element elementor-element-5e1d758 industries_anchor elementor-widget elementor-widget-menu-anchor\" data-id=\"5e1d758\" data-element_type=\"widget\" data-e-type=\"widget\" data-widget_type=\"menu-anchor.default\">\n\t\t\t\t<div class=\"elementor-widget-container\">\n\t\t\t\t\t\t\t<div class=\"elementor-menu-anchor\" id=\"tours\"><\/div>\n\t\t\t\t\t\t<\/div>\n\t\t\t\t<\/div>\n\t\t\t\t\t<\/div>\n\t\t\t\t<\/div>\n\t\t<div class=\"elementor-element elementor-element-e919de9 industries_boxes_group e-flex e-con-boxed e-con e-parent\" data-id=\"e919de9\" data-element_type=\"container\" data-e-type=\"container\">\n\t\t\t\t\t<div class=\"e-con-inner\">\n\t\t<div class=\"elementor-element elementor-element-00cd648 e-con-full e-flex e-con e-child\" data-id=\"00cd648\" data-element_type=\"container\" data-e-type=\"container\">\n\t\t\t\t<div class=\"elementor-element elementor-element-ce37fc4 elementor-widget elementor-widget-image\" data-id=\"ce37fc4\" data-element_type=\"widget\" data-e-type=\"widget\" data-widget_type=\"image.default\">\n\t\t\t\t<div class=\"elementor-widget-container\">\n\t\t\t\t\t\t\t\t\t\t\t\t\t\t\t<img fetchpriority=\"high\" decoding=\"async\" width=\"1280\" height=\"853\" src=\"https:\/\/p-lasercanada.ca\/wp-content\/uploads\/2024\/09\/industries-hydroelectriques.jpg\" class=\"attachment-full size-full wp-image-231\" alt=\"\" srcset=\"https:\/\/p-lasercanada.ca\/wp-content\/uploads\/2024\/09\/industries-hydroelectriques.jpg 1280w, https:\/\/p-lasercanada.ca\/wp-content\/uploads\/2024\/09\/industries-hydroelectriques-300x200.jpg 300w, https:\/\/p-lasercanada.ca\/wp-content\/uploads\/2024\/09\/industries-hydroelectriques-1024x682.jpg 1024w, https:\/\/p-lasercanada.ca\/wp-content\/uploads\/2024\/09\/industries-hydroelectriques-768x512.jpg 768w\" sizes=\"(max-width: 1280px) 100vw, 1280px\" \/>\t\t\t\t\t\t\t\t\t\t\t\t\t\t\t<\/div>\n\t\t\t\t<\/div>\n\t\t\t\t<\/div>\n\t\t<div class=\"elementor-element elementor-element-5698673 e-con-full e-flex e-con e-child\" data-id=\"5698673\" data-element_type=\"container\" data-e-type=\"container\" data-settings=\"{&quot;background_background&quot;:&quot;classic&quot;}\">\n\t\t<div class=\"elementor-element elementor-element-da60be8 e-con-full e-flex e-con e-child\" data-id=\"da60be8\" data-element_type=\"container\" data-e-type=\"container\">\n\t\t\t\t<div class=\"elementor-element elementor-element-e93406c elementor-widget__width-auto elementor-widget elementor-widget-heading\" data-id=\"e93406c\" data-element_type=\"widget\" data-e-type=\"widget\" data-widget_type=\"heading.default\">\n\t\t\t\t<div class=\"elementor-widget-container\">\n\t\t\t\t\t<h2 class=\"elementor-heading-title elementor-size-default\">Tours hydro\u00e9lectriques<\/h2>\t\t\t\t<\/div>\n\t\t\t\t<\/div>\n\t\t\t\t<div class=\"elementor-element elementor-element-35c3660 elementor-widget elementor-widget-heading\" data-id=\"35c3660\" data-element_type=\"widget\" data-e-type=\"widget\" data-widget_type=\"heading.default\">\n\t\t\t\t<div class=\"elementor-widget-container\">\n\t\t\t\t\t<h2 class=\"elementor-heading-title elementor-size-default\">Le nettoyage au laser pour un entretien optimal des tours hydro\u00e9lectriques !<\/h2>\t\t\t\t<\/div>\n\t\t\t\t<\/div>\n\t\t\t\t<div class=\"elementor-element elementor-element-9fb2908 elementor-widget elementor-widget-heading\" data-id=\"9fb2908\" data-element_type=\"widget\" data-e-type=\"widget\" data-widget_type=\"heading.default\">\n\t\t\t\t<div class=\"elementor-widget-container\">\n\t\t\t\t\t<p class=\"elementor-heading-title elementor-size-default\">D\u00e9couvrez comment nos appareils de nettoyage au laser r\u00e9volutionnent l\u2019entretien des tours hydro\u00e9lectriques ! Ces structures imposantes sont soumises aux pires conditions m\u00e9t\u00e9orologiques, mais notre technologie de nettoyage au laser est \u00e0 la hauteur du d\u00e9fi.<\/p>\t\t\t\t<\/div>\n\t\t\t\t<\/div>\n\t\t\t\t<div class=\"elementor-element elementor-element-09918d4 elementor-widget elementor-widget-heading\" data-id=\"09918d4\" data-element_type=\"widget\" data-e-type=\"widget\" data-widget_type=\"heading.default\">\n\t\t\t\t<div class=\"elementor-widget-container\">\n\t\t\t\t\t<p class=\"elementor-heading-title elementor-size-default\">Gr\u00e2ce \u00e0 notre expertise, nous avons d\u00e9velopp\u00e9 des solutions adapt\u00e9es pour \u00e9liminer la rouille, la corrosion et m\u00eame les rev\u00eatements les plus r\u00e9sistants sur les tours hydro\u00e9lectriques. Que ce soit pour restaurer l\u2019acier galvanis\u00e9 ou pr\u00e9parer la surface pour une nouvelle couche de peinture, nos syst\u00e8mes de nettoyage au laser garantissent des r\u00e9sultats impeccables.<\/p>\t\t\t\t<\/div>\n\t\t\t\t<\/div>\n\t\t\t\t<div class=\"elementor-element elementor-element-49914e9 elementor-widget elementor-widget-heading\" data-id=\"49914e9\" data-element_type=\"widget\" data-e-type=\"widget\" data-widget_type=\"heading.default\">\n\t\t\t\t<div class=\"elementor-widget-container\">\n\t\t\t\t\t<p class=\"elementor-heading-title elementor-size-default\">Nous sommes en constante recherche d\u2019innovation pour rendre nos syst\u00e8mes encore plus performants, m\u00eame dans les environnements ext\u00e9rieurs les plus exigeants. Rejoignez-nous dans cette aventure et d\u00e9couvrez comment nos technologies de pointe peuvent optimiser l\u2019entretien de vos tours hydro\u00e9lectriques, assurant ainsi leur durabilit\u00e9 et leur efficacit\u00e9 \u00e0 long terme.<\/p>\t\t\t\t<\/div>\n\t\t\t\t<\/div>\n\t\t\t\t<\/div>\n\t\t\t\t<\/div>\n\t\t\t\t\t<\/div>\n\t\t\t\t<\/div>\n\t\t<div class=\"elementor-element elementor-element-8a80100 e-flex e-con-boxed e-con e-parent\" data-id=\"8a80100\" data-element_type=\"container\" data-e-type=\"container\">\n\t\t\t\t\t<div class=\"e-con-inner\">\n\t\t\t\t<div class=\"elementor-element elementor-element-e60b397 industries_anchor elementor-widget elementor-widget-menu-anchor\" data-id=\"e60b397\" data-element_type=\"widget\" data-e-type=\"widget\" data-widget_type=\"menu-anchor.default\">\n\t\t\t\t<div class=\"elementor-widget-container\">\n\t\t\t\t\t\t\t<div class=\"elementor-menu-anchor\" id=\"batiments\"><\/div>\n\t\t\t\t\t\t<\/div>\n\t\t\t\t<\/div>\n\t\t\t\t\t<\/div>\n\t\t\t\t<\/div>\n\t\t<div class=\"elementor-element elementor-element-d5843e3 industries_boxes_alt_group e-flex e-con-boxed e-con e-parent\" data-id=\"d5843e3\" data-element_type=\"container\" data-e-type=\"container\">\n\t\t\t\t\t<div class=\"e-con-inner\">\n\t\t<div class=\"elementor-element elementor-element-90d4194 e-con-full e-flex e-con e-child\" data-id=\"90d4194\" data-element_type=\"container\" data-e-type=\"container\">\n\t\t\t\t<div class=\"elementor-element elementor-element-5503f02 elementor-widget elementor-widget-image\" data-id=\"5503f02\" data-element_type=\"widget\" data-e-type=\"widget\" data-widget_type=\"image.default\">\n\t\t\t\t<div class=\"elementor-widget-container\">\n\t\t\t\t\t\t\t\t\t\t\t\t\t\t\t<img decoding=\"async\" width=\"1280\" height=\"960\" src=\"https:\/\/p-lasercanada.ca\/wp-content\/uploads\/2024\/09\/industries-batiment.jpg\" class=\"attachment-full size-full wp-image-229\" alt=\"\" srcset=\"https:\/\/p-lasercanada.ca\/wp-content\/uploads\/2024\/09\/industries-batiment.jpg 1280w, https:\/\/p-lasercanada.ca\/wp-content\/uploads\/2024\/09\/industries-batiment-300x225.jpg 300w, https:\/\/p-lasercanada.ca\/wp-content\/uploads\/2024\/09\/industries-batiment-1024x768.jpg 1024w, https:\/\/p-lasercanada.ca\/wp-content\/uploads\/2024\/09\/industries-batiment-768x576.jpg 768w\" sizes=\"(max-width: 1280px) 100vw, 1280px\" \/>\t\t\t\t\t\t\t\t\t\t\t\t\t\t\t<\/div>\n\t\t\t\t<\/div>\n\t\t\t\t<\/div>\n\t\t<div class=\"elementor-element elementor-element-6b49835 e-con-full e-flex e-con e-child\" data-id=\"6b49835\" data-element_type=\"container\" data-e-type=\"container\" data-settings=\"{&quot;background_background&quot;:&quot;classic&quot;}\">\n\t\t<div class=\"elementor-element elementor-element-ea7d71a e-con-full e-flex e-con e-child\" data-id=\"ea7d71a\" data-element_type=\"container\" data-e-type=\"container\">\n\t\t\t\t<div class=\"elementor-element elementor-element-9709dc2 elementor-widget__width-auto elementor-widget elementor-widget-heading\" data-id=\"9709dc2\" data-element_type=\"widget\" data-e-type=\"widget\" data-widget_type=\"heading.default\">\n\t\t\t\t<div class=\"elementor-widget-container\">\n\t\t\t\t\t<h2 class=\"elementor-heading-title elementor-size-default\">B\u00e2timents<\/h2>\t\t\t\t<\/div>\n\t\t\t\t<\/div>\n\t\t\t\t<div class=\"elementor-element elementor-element-88609de elementor-widget elementor-widget-heading\" data-id=\"88609de\" data-element_type=\"widget\" data-e-type=\"widget\" data-widget_type=\"heading.default\">\n\t\t\t\t<div class=\"elementor-widget-container\">\n\t\t\t\t\t<h2 class=\"elementor-heading-title elementor-size-default\">R\u00e9volutionnez la propret\u00e9 des b\u00e2timents avec le nettoyage laser !<\/h2>\t\t\t\t<\/div>\n\t\t\t\t<\/div>\n\t\t\t\t<div class=\"elementor-element elementor-element-b028295 elementor-widget elementor-widget-heading\" data-id=\"b028295\" data-element_type=\"widget\" data-e-type=\"widget\" data-widget_type=\"heading.default\">\n\t\t\t\t<div class=\"elementor-widget-container\">\n\t\t\t\t\t<p class=\"elementor-heading-title elementor-size-default\">Explorez les avantages incroyables du nettoyage de surface au laser pour rendre vos b\u00e2timents plus s\u00fbrs et plus sains que jamais auparavant ! Notre technologie r\u00e9volutionnaire offre une solution s\u00fbre et \u00e9conomique pour \u00e9liminer efficacement la peinture au plomb et d\u2019autres mat\u00e9riaux dangereux qui peuvent \u00eatre pr\u00e9sents dans les b\u00e2timents commerciaux et industriels.<\/p>\t\t\t\t<\/div>\n\t\t\t\t<\/div>\n\t\t\t\t<div class=\"elementor-element elementor-element-92a62b5 elementor-widget elementor-widget-heading\" data-id=\"92a62b5\" data-element_type=\"widget\" data-e-type=\"widget\" data-widget_type=\"heading.default\">\n\t\t\t\t<div class=\"elementor-widget-container\">\n\t\t\t\t\t<p class=\"elementor-heading-title elementor-size-default\">Avec une configuration minimale requise, aucun d\u00e9bris volant et une capacit\u00e9 in\u00e9gal\u00e9e \u00e0 contenir les contaminants, le nettoyage de surface au laser est la solution id\u00e9ale pour r\u00e9pondre \u00e0 vos besoins en mati\u00e8re d\u2019assainissement. Notre expertise et le soutien de <span class=\"nowrap\">P-Laser <\/span> Canada sont \u00e0 votre disposition pour transformer la fa\u00e7on dont votre entreprise aborde la gestion des peintures et des scellants dangereux \u00e0 travers le pays. Rejoignez-nous dans cette r\u00e9volution de la s\u00e9curit\u00e9 et de la propret\u00e9 des b\u00e2timents !<\/p>\t\t\t\t<\/div>\n\t\t\t\t<\/div>\n\t\t\t\t<div class=\"elementor-element elementor-element-4ff1a8d red_button elementor-widget elementor-widget-button\" data-id=\"4ff1a8d\" data-element_type=\"widget\" data-e-type=\"widget\" data-widget_type=\"button.default\">\n\t\t\t\t<div class=\"elementor-widget-container\">\n\t\t\t\t\t\t\t\t\t<div class=\"elementor-button-wrapper\">\n\t\t\t\t\t<a class=\"elementor-button elementor-button-link elementor-size-sm\" href=\"https:\/\/p-lasercanada.ca\/fr\/nous-joindre\/\">\n\t\t\t\t\t\t<span class=\"elementor-button-content-wrapper\">\n\t\t\t\t\t\t<span class=\"elementor-button-icon\">\n\t\t\t\t<svg xmlns=\"http:\/\/www.w3.org\/2000\/svg\" viewBox=\"0 0 30 33\"><defs><style>      #Parler-1 .cls-1 {        fill: #fff;      }    <\/style><\/defs><g><g id=\"Parler-1\"><g><polygon class=\"cls-1\" points=\"3.355 12.5129 3.355 12.5127 3.3525 12.5129 3.355 12.5129\"><\/polygon><path class=\"cls-1\" d=\"M9.2332,4.2891l-.489.0918.1837.9756.489-.0918c.1514-.0273.3029-.0498.4542-.0671l.494-.0547-.1093-.9878-.494.0544c-.1763.02-.3524.0474-.5287.0796Z\"><\/path><path class=\"cls-1\" d=\"M3.7695,8.8789c-.062.1638-.1191.3325-.1713.5039l-.144.4766.9508.2854.1439-.4766c.0447-.1489.0944-.2954.1489-.4368l.1763-.4644-.9283-.3525-.1763.4644Z\"><\/path><path class=\"cls-1\" d=\"M4.3057,11.9419c-.0099-.1489-.0173-.3052-.0198-.459v-.4966l-.9905.0049v.4966c.0024.1787.0099.3574.0223.5312l.0372.4937.9879-.0767-.0372-.4941Z\"><\/path><path class=\"cls-1\" d=\"M5.5469,16.7256l.36.3423.6851-.7173-.3599-.3425c-.1093-.1067-.2185-.2161-.3203-.3301l-.3326-.3674-.7372.6653.3326.3674c.1191.1313.2457.2605.3723.3823Z\"><\/path><path class=\"cls-1\" d=\"M5.2913,8.0273l.3027-.3945c.0919-.1218.1912-.241.293-.355l.3302-.3726-.7423-.6602-.3301.3723c-.1191.1316-.2334.2705-.3401.4094l-.3029.3948.7869.6057h.0026Z\"><\/path><path class=\"cls-1\" d=\"M6.865,6.3542l.422-.2632c.1292-.0793.2632-.1562.3997-.2283l.4393-.231-.4617-.8787-.4393.2307c-.1564.0845-.3129.1738-.4618.2656l-.422.2632.5238.844v-.0024Z\"><\/path><path class=\"cls-1\" d=\"M3.9955,14.5781l.2134.4495v-.0024l.8961-.4246-.2134-.4492c-.0646-.1392-.1267-.2805-.1813-.4221l-.1787-.4617-.9259.3599.1787.4619c.0646.1636.134.3276.2111.4888Z\"><\/path><path class=\"cls-1\" d=\"M17.874,18.6218l-.3799.3203c-1.0052.8464-1.6011,2.0974-1.6556,3.4626H6.5074c-.077-1.3774-.6802-2.6362-1.6831-3.49-2.4302-2.0627-3.6813-5.074-3.433-8.2563C1.7488,6.0537,5.4747,2.1987,10.0521,1.6924c1.4521-.1614,2.8795-.0125,4.2373.4419l.4717.1562.3153-.9407-.4717-.1565c-1.4968-.499-3.0657-.6626-4.6617-.4866C4.8169,1.2729.803,5.4258.4009,10.5815c-.2731,3.5051,1.1046,6.8188,3.7805,9.0903.854.7249,1.343,1.8296,1.343,3.0334v4.9895c0,1.0002.8142,1.8145,1.8146,1.8145h.7422c.0596.6902.3525,1.3379.8539,1.8618.5958.6206,1.4075.9905,2.2887,1.0376.0646.0024.1267.0049.1912.0049,1.7228,0,3.165-1.2634,3.2941-2.9043h.3079c1.0004,0,1.8146-.8142,1.8146-1.8145v-5.0815c0-1.1492.4766-2.2117,1.3057-2.9092l.3798-.3203-.6404-.7595-.0024-.0024ZM11.276,31.4133c-.6281-.0349-1.2064-.293-1.626-.7324-.3202-.335-.5164-.7422-.5734-1.1741h4.632c-.1316,1.127-1.194,1.9734-2.4326,1.9065ZM15.8335,27.6924c0,.4517-.3674.8215-.8217.8215h-7.6753c-.4519,0-.8217-.3674-.8217-.8215v-1.2412h1.3553v-.9929h-1.3553v-2.0603h9.3186v4.2944Z\"><\/path><rect class=\"cls-1\" x=\"10.1639\" y=\"25.4583\" width=\"5.6522\" height=\".9929\"><\/rect><path class=\"cls-1\" d=\"M28.9976,7.3025h-1.4869l-.1738-.417,1.0526-1.0525c.1936-.1936.1936-.5088,0-.7026l-2.6437-2.6436c-.1937-.1936-.5089-.1936-.7025,0l-1.0526,1.0525-.417-.1738v-1.4868c0-.2732-.2234-.4966-.4965-.4966h-3.5522c-.2731,0-.4965.2234-.4965.4966v1.4844l-.417.1738-1.0525-1.0525c-.1936-.1936-.5089-.1936-.7025,0l-2.6437,2.6436c-.1936.1936-.1936.5088,0,.7026l1.0525,1.0525-.1737.417h-1.4869c-.2731,0-.4965.2234-.4965.4963v3.5522c0,.2732.2234.4966.4965.4966h1.4869l.1737.417-1.0525,1.0525c-.1936.1936-.1936.509,0,.7024l2.6437,2.6438c.1936.1936.5089.1936.7025,0l1.0525-1.0525.417.1738v1.4868c0,.2729.2234.4966.4965.4966h3.5522v.0024c.2731,0,.4965-.2234.4965-.4966v-1.4868l.417-.1738,1.0526,1.0525c.1936.1936.5088.1936.7025,0l2.6437-2.6436c.1936-.1936.1936-.509,0-.7026l-1.0526-1.0525.1738-.417h1.4869c.2731,0,.4965-.2234.4965-.4966v-3.5522c0-.2729-.2234-.4963-.4965-.4963ZM28.5011,10.8523h-1.3231c-.201,0-.3823.1191-.4592.3054l-.427,1.03c-.0769.1863-.0347.3997.1068.5413l.9358.9358-1.9412,1.9412-.9359-.936c-.1415-.1414-.3549-.1836-.5411-.1067l-1.0302.427c-.1837.0771-.3053.2583-.3053.4592v1.323h-2.5593v-1.3206c0-.2009-.1191-.3821-.3053-.4592l-1.0302-.4268c-.1862-.0771-.3997-.0349-.5411.1067l-.9358.9358-1.9413-1.9412.9359-.9358c.1415-.1416.1837-.355.1067-.5413l-.4269-1.03c-.077-.1838-.2582-.3054-.4592-.3054h-1.3231v-2.5593h1.3231c.201,0,.3822-.1191.4592-.3052l.4269-1.0303c.077-.1863.0348-.3997-.1067-.541l-.9359-.936,1.9413-1.9412.9358.9358c.1415.1416.355.1838.5411.1069l1.0302-.427c.1837-.0769.3053-.2583.3053-.4592v-1.3232h2.5593v1.3208c0,.2009.1191.3821.3053.459l1.0302.427c.1863.0769.3997.0349.5411-.1067l.9359-.9358,1.9412,1.9412-.9358.9358c-.1415.1416-.1837.355-.1068.5413l.427,1.03c.0769.1838.2582.3054.4592.3054h1.3231v2.5593Z\"><\/path><path class=\"cls-1\" d=\"M21.3021,5.5249c-2.2316,0-4.0487,1.8171-4.0487,4.0488s1.8171,4.0486,4.0487,4.0486,4.0487-1.8169,4.0487-4.0486-1.8171-4.0488-4.0487-4.0488ZM21.3021,12.6318c-1.6855,0-3.0558-1.3701-3.0558-3.0557s1.3702-3.0557,3.0558-3.0557,3.0558,1.3701,3.0558,3.0557-1.3702,3.0557-3.0558,3.0557Z\"><\/path><\/g><\/g><\/g><\/svg>\t\t\t<\/span>\n\t\t\t\t\t\t\t\t\t<span class=\"elementor-button-text\">Parlez-nous de votre projet<\/span>\n\t\t\t\t\t<\/span>\n\t\t\t\t\t<\/a>\n\t\t\t\t<\/div>\n\t\t\t\t\t\t\t\t<\/div>\n\t\t\t\t<\/div>\n\t\t\t\t<\/div>\n\t\t\t\t<\/div>\n\t\t\t\t\t<\/div>\n\t\t\t\t<\/div>\n\t\t<div class=\"elementor-element elementor-element-6825d84 e-flex e-con-boxed e-con e-parent\" data-id=\"6825d84\" data-element_type=\"container\" data-e-type=\"container\">\n\t\t\t\t\t<div class=\"e-con-inner\">\n\t\t\t\t<div class=\"elementor-element elementor-element-abc0bcd industries_anchor elementor-widget elementor-widget-menu-anchor\" data-id=\"abc0bcd\" data-element_type=\"widget\" data-e-type=\"widget\" data-widget_type=\"menu-anchor.default\">\n\t\t\t\t<div class=\"elementor-widget-container\">\n\t\t\t\t\t\t\t<div class=\"elementor-menu-anchor\" id=\"ponts\"><\/div>\n\t\t\t\t\t\t<\/div>\n\t\t\t\t<\/div>\n\t\t\t\t\t<\/div>\n\t\t\t\t<\/div>\n\t\t<div class=\"elementor-element elementor-element-85bac2c industries_boxes_group e-flex e-con-boxed e-con e-parent\" data-id=\"85bac2c\" data-element_type=\"container\" data-e-type=\"container\">\n\t\t\t\t\t<div class=\"e-con-inner\">\n\t\t<div class=\"elementor-element elementor-element-5e5a2cd e-con-full e-flex e-con e-child\" data-id=\"5e5a2cd\" data-element_type=\"container\" data-e-type=\"container\">\n\t\t\t\t<div class=\"elementor-element elementor-element-b3a980d elementor-widget elementor-widget-image\" data-id=\"b3a980d\" data-element_type=\"widget\" data-e-type=\"widget\" data-widget_type=\"image.default\">\n\t\t\t\t<div class=\"elementor-widget-container\">\n\t\t\t\t\t\t\t\t\t\t\t\t\t\t\t<img decoding=\"async\" width=\"1280\" height=\"959\" src=\"https:\/\/p-lasercanada.ca\/wp-content\/uploads\/2024\/09\/industries-ponts.jpg\" class=\"attachment-full size-full wp-image-227\" alt=\"\" srcset=\"https:\/\/p-lasercanada.ca\/wp-content\/uploads\/2024\/09\/industries-ponts.jpg 1280w, https:\/\/p-lasercanada.ca\/wp-content\/uploads\/2024\/09\/industries-ponts-300x225.jpg 300w, https:\/\/p-lasercanada.ca\/wp-content\/uploads\/2024\/09\/industries-ponts-1024x767.jpg 1024w, https:\/\/p-lasercanada.ca\/wp-content\/uploads\/2024\/09\/industries-ponts-768x575.jpg 768w\" sizes=\"(max-width: 1280px) 100vw, 1280px\" \/>\t\t\t\t\t\t\t\t\t\t\t\t\t\t\t<\/div>\n\t\t\t\t<\/div>\n\t\t\t\t<\/div>\n\t\t<div class=\"elementor-element elementor-element-5f0eff6 e-con-full e-flex e-con e-child\" data-id=\"5f0eff6\" data-element_type=\"container\" data-e-type=\"container\" data-settings=\"{&quot;background_background&quot;:&quot;classic&quot;}\">\n\t\t<div class=\"elementor-element elementor-element-8abc0cc e-con-full e-flex e-con e-child\" data-id=\"8abc0cc\" data-element_type=\"container\" data-e-type=\"container\">\n\t\t\t\t<div class=\"elementor-element elementor-element-b2a6acc elementor-widget__width-auto elementor-widget elementor-widget-heading\" data-id=\"b2a6acc\" data-element_type=\"widget\" data-e-type=\"widget\" data-widget_type=\"heading.default\">\n\t\t\t\t<div class=\"elementor-widget-container\">\n\t\t\t\t\t<h2 class=\"elementor-heading-title elementor-size-default\">Nettoyage de ponts<\/h2>\t\t\t\t<\/div>\n\t\t\t\t<\/div>\n\t\t\t\t<div class=\"elementor-element elementor-element-c8b8d1e elementor-widget elementor-widget-heading\" data-id=\"c8b8d1e\" data-element_type=\"widget\" data-e-type=\"widget\" data-widget_type=\"heading.default\">\n\t\t\t\t<div class=\"elementor-widget-container\">\n\t\t\t\t\t<h2 class=\"elementor-heading-title elementor-size-default\">Nos lasers de haute puissance au service de l\u2019environnement !<\/h2>\t\t\t\t<\/div>\n\t\t\t\t<\/div>\n\t\t\t\t<div class=\"elementor-element elementor-element-0e3f86e elementor-widget elementor-widget-heading\" data-id=\"0e3f86e\" data-element_type=\"widget\" data-e-type=\"widget\" data-widget_type=\"heading.default\">\n\t\t\t\t<div class=\"elementor-widget-container\">\n\t\t\t\t\t<p class=\"elementor-heading-title elementor-size-default\">D\u00e9couvrez la r\u00e9volution du nettoyage des grandes infrastructures gr\u00e2ce aux lasers de haute puissance ! Les m\u00e9thodes traditionnelles de sablage g\u00e9n\u00e8rent des co\u00fbts exorbitants et produisent une quantit\u00e9 importante de d\u00e9chets, mettant ainsi en p\u00e9ril notre environnement. Avec nos syst\u00e8mes de nettoyage au laser, vous profitez d\u2019une solution \u00e9cologique et efficace.<\/p>\t\t\t\t<\/div>\n\t\t\t\t<\/div>\n\t\t\t\t<div class=\"elementor-element elementor-element-bfd2476 elementor-widget elementor-widget-heading\" data-id=\"bfd2476\" data-element_type=\"widget\" data-e-type=\"widget\" data-widget_type=\"heading.default\">\n\t\t\t\t<div class=\"elementor-widget-container\">\n\t\t\t\t\t<p class=\"elementor-heading-title elementor-size-default\">Imaginez un processus d\u2019ablation qui transforme les peintures et les rev\u00eatements en particules ultra-fines, facilement aspir\u00e9es sans laisser de d\u00e9bris secondaires \u00e0 ramasser. Associ\u00e9s \u00e0 une aspiration ad\u00e9quate, nos syst\u00e8mes garantissent un nettoyage impeccable, sans risque de contamination de l\u2019air et des voies navigables.<\/p>\t\t\t\t<\/div>\n\t\t\t\t<\/div>\n\t\t\t\t<div class=\"elementor-element elementor-element-329e3de elementor-widget elementor-widget-heading\" data-id=\"329e3de\" data-element_type=\"widget\" data-e-type=\"widget\" data-widget_type=\"heading.default\">\n\t\t\t\t<div class=\"elementor-widget-container\">\n\t\t\t\t\t<p class=\"elementor-heading-title elementor-size-default\">Bien s\u00fbr, nos syst\u00e8mes ont leurs propres exigences environnementales. Mais, chez <span class=\"nowrap\">P-Laser <\/span> Canada, nous travaillons sans rel\u00e2che pour surmonter ces obstacles. Notre objectif est simple : rendre nos syst\u00e8mes de nettoyage au laser op\u00e9rationnels du d\u00e9but du printemps jusqu\u2019\u00e0 la fin de l\u2019automne, pour que vous puissiez profiter de leurs avantages tout au long de l\u2019ann\u00e9e. Contactez-nous d\u00e8s maintenant pour en savoir plus sur notre solution r\u00e9volutionnaire !<\/p>\t\t\t\t<\/div>\n\t\t\t\t<\/div>\n\t\t\t\t<\/div>\n\t\t\t\t<\/div>\n\t\t\t\t\t<\/div>\n\t\t\t\t<\/div>\n\t\t\t\t<\/div>\n\t\t","protected":false},"excerpt":{"rendered":"<p>Les syst\u00e8mes de nettoyages au laser, : plusieurs avantages pour l\u2019infrastructure P-Laser | Industries | Infrastructure Tours hydro\u00e9lectriques Le nettoyage au laser pour un entretien optimal des tours hydro\u00e9lectriques ! D\u00e9couvrez comment nos appareils de nettoyage au laser r\u00e9volutionnent l\u2019entretien des tours hydro\u00e9lectriques ! Ces structures imposantes sont soumises aux pires conditions m\u00e9t\u00e9orologiques, mais notre [&hellip;]<\/p>\n","protected":false},"author":1,"featured_media":0,"parent":452,"menu_order":4,"comment_status":"closed","ping_status":"closed","template":"elementor_header_footer","meta":{"_seopress_robots_primary_cat":"","_seopress_titles_title":"P-Laser | Syst\u00e8mes de nettoyage au laser pour les infrastructures","_seopress_titles_desc":"P-Laser Canada r\u00e9volutionne la restauration de b\u00e2timents et optimise l'entretien des tours hydro\u00e9lectriques gr\u00e2ce au nettoyage au laser.","_seopress_robots_index":"","inline_featured_image":false,"footnotes":""},"class_list":["post-1464","page","type-page","status-publish","hentry"],"_links":{"self":[{"href":"https:\/\/p-lasercanada.ca\/fr\/wp-json\/wp\/v2\/pages\/1464","targetHints":{"allow":["GET"]}}],"collection":[{"href":"https:\/\/p-lasercanada.ca\/fr\/wp-json\/wp\/v2\/pages"}],"about":[{"href":"https:\/\/p-lasercanada.ca\/fr\/wp-json\/wp\/v2\/types\/page"}],"author":[{"embeddable":true,"href":"https:\/\/p-lasercanada.ca\/fr\/wp-json\/wp\/v2\/users\/1"}],"replies":[{"embeddable":true,"href":"https:\/\/p-lasercanada.ca\/fr\/wp-json\/wp\/v2\/comments?post=1464"}],"version-history":[{"count":35,"href":"https:\/\/p-lasercanada.ca\/fr\/wp-json\/wp\/v2\/pages\/1464\/revisions"}],"predecessor-version":[{"id":2502,"href":"https:\/\/p-lasercanada.ca\/fr\/wp-json\/wp\/v2\/pages\/1464\/revisions\/2502"}],"up":[{"embeddable":true,"href":"https:\/\/p-lasercanada.ca\/fr\/wp-json\/wp\/v2\/pages\/452"}],"wp:attachment":[{"href":"https:\/\/p-lasercanada.ca\/fr\/wp-json\/wp\/v2\/media?parent=1464"}],"curies":[{"name":"wp","href":"https:\/\/api.w.org\/{rel}","templated":true}]}}