{"id":1442,"date":"2024-09-26T11:54:15","date_gmt":"2024-09-26T15:54:15","guid":{"rendered":"https:\/\/p-lasercanada.ca\/?page_id=1442"},"modified":"2024-10-24T10:54:13","modified_gmt":"2024-10-24T14:54:13","slug":"industriel","status":"publish","type":"page","link":"https:\/\/p-lasercanada.ca\/fr\/industries\/industriel\/","title":{"rendered":"Industriel"},"content":{"rendered":"\t\t<div data-elementor-type=\"wp-page\" data-elementor-id=\"1442\" class=\"elementor elementor-1442\" data-elementor-post-type=\"page\">\n\t\t\t\t<div class=\"elementor-element elementor-element-2d1d199 e-flex e-con-boxed e-con e-parent\" data-id=\"2d1d199\" data-element_type=\"container\" data-settings=\"{&quot;background_background&quot;:&quot;classic&quot;}\">\n\t\t\t\t\t<div class=\"e-con-inner\">\n\t\t\t\t<div class=\"elementor-element elementor-element-ae641ee text_mobile_shadow elementor-widget elementor-widget-heading\" data-id=\"ae641ee\" data-element_type=\"widget\" data-widget_type=\"heading.default\">\n\t\t\t\t<div class=\"elementor-widget-container\">\n\t\t\t\t\t<h1 class=\"elementor-heading-title elementor-size-default\">Les syst\u00e8mes de nettoyages au laser,  <br class=\"br\">plusieurs avantages pour l\u2019industrie<\/h1>\t\t\t\t<\/div>\n\t\t\t\t<\/div>\n\t\t\t\t\t<\/div>\n\t\t\t\t<\/div>\n\t\t<div class=\"elementor-element elementor-element-ab9be6d e-flex e-con-boxed e-con e-parent\" data-id=\"ab9be6d\" data-element_type=\"container\">\n\t\t\t\t\t<div class=\"e-con-inner\">\n\t\t\t\t<div class=\"elementor-element elementor-element-0ad6419 elementor-widget elementor-widget-heading\" data-id=\"0ad6419\" data-element_type=\"widget\" data-widget_type=\"heading.default\">\n\t\t\t\t<div class=\"elementor-widget-container\">\n\t\t\t\t\t<div class=\"elementor-heading-title elementor-size-default\">P-Laser | <a href=\"\/fr\/industries\/\">Industries<\/a> | <span class=\"red\"> Industriel <\/span><\/div>\t\t\t\t<\/div>\n\t\t\t\t<\/div>\n\t\t\t\t\t<\/div>\n\t\t\t\t<\/div>\n\t\t<div class=\"elementor-element elementor-element-7d3ff14 e-flex e-con-boxed e-con e-parent\" data-id=\"7d3ff14\" data-element_type=\"container\">\n\t\t\t\t\t<div class=\"e-con-inner\">\n\t\t\t\t<div class=\"elementor-element elementor-element-33bfdd1 industries_anchor elementor-widget elementor-widget-menu-anchor\" data-id=\"33bfdd1\" data-element_type=\"widget\" data-widget_type=\"menu-anchor.default\">\n\t\t\t\t<div class=\"elementor-widget-container\">\n\t\t\t\t\t\t\t<div class=\"elementor-menu-anchor\" id=\"eoliennes\"><\/div>\n\t\t\t\t\t\t<\/div>\n\t\t\t\t<\/div>\n\t\t\t\t\t<\/div>\n\t\t\t\t<\/div>\n\t\t<div class=\"elementor-element elementor-element-e919de9 industries_boxes_group e-flex e-con-boxed e-con e-parent\" data-id=\"e919de9\" data-element_type=\"container\">\n\t\t\t\t\t<div class=\"e-con-inner\">\n\t\t<div class=\"elementor-element elementor-element-00cd648 e-con-full e-flex e-con e-child\" data-id=\"00cd648\" data-element_type=\"container\">\n\t\t\t\t<div class=\"elementor-element elementor-element-ce37fc4 elementor-widget elementor-widget-image\" data-id=\"ce37fc4\" data-element_type=\"widget\" data-widget_type=\"image.default\">\n\t\t\t\t<div class=\"elementor-widget-container\">\n\t\t\t\t\t\t\t\t\t\t\t\t\t\t\t<img fetchpriority=\"high\" decoding=\"async\" width=\"1280\" height=\"690\" src=\"https:\/\/p-lasercanada.ca\/wp-content\/uploads\/2024\/09\/industries-eoliennes.jpg\" class=\"attachment-full size-full wp-image-241\" alt=\"\" srcset=\"https:\/\/p-lasercanada.ca\/wp-content\/uploads\/2024\/09\/industries-eoliennes.jpg 1280w, https:\/\/p-lasercanada.ca\/wp-content\/uploads\/2024\/09\/industries-eoliennes-300x162.jpg 300w, https:\/\/p-lasercanada.ca\/wp-content\/uploads\/2024\/09\/industries-eoliennes-1024x552.jpg 1024w, https:\/\/p-lasercanada.ca\/wp-content\/uploads\/2024\/09\/industries-eoliennes-768x414.jpg 768w\" sizes=\"(max-width: 1280px) 100vw, 1280px\" \/>\t\t\t\t\t\t\t\t\t\t\t\t\t\t\t<\/div>\n\t\t\t\t<\/div>\n\t\t\t\t<\/div>\n\t\t<div class=\"elementor-element elementor-element-5698673 e-con-full e-flex e-con e-child\" data-id=\"5698673\" data-element_type=\"container\" data-settings=\"{&quot;background_background&quot;:&quot;classic&quot;}\">\n\t\t<div class=\"elementor-element elementor-element-da60be8 e-con-full e-flex e-con e-child\" data-id=\"da60be8\" data-element_type=\"container\">\n\t\t\t\t<div class=\"elementor-element elementor-element-e93406c elementor-widget__width-auto elementor-widget elementor-widget-heading\" data-id=\"e93406c\" data-element_type=\"widget\" data-widget_type=\"heading.default\">\n\t\t\t\t<div class=\"elementor-widget-container\">\n\t\t\t\t\t<h2 class=\"elementor-heading-title elementor-size-default\">Entretien des \u00e9oliennes<\/h2>\t\t\t\t<\/div>\n\t\t\t\t<\/div>\n\t\t\t\t<div class=\"elementor-element elementor-element-35c3660 elementor-widget elementor-widget-heading\" data-id=\"35c3660\" data-element_type=\"widget\" data-widget_type=\"heading.default\">\n\t\t\t\t<div class=\"elementor-widget-container\">\n\t\t\t\t\t<h2 class=\"elementor-heading-title elementor-size-default\">Le nettoyage au laser r\u00e9volutionne l\u2019entretien des \u00e9oliennes<\/h2>\t\t\t\t<\/div>\n\t\t\t\t<\/div>\n\t\t\t\t<div class=\"elementor-element elementor-element-9fb2908 elementor-widget elementor-widget-heading\" data-id=\"9fb2908\" data-element_type=\"widget\" data-widget_type=\"heading.default\">\n\t\t\t\t<div class=\"elementor-widget-container\">\n\t\t\t\t\t<p class=\"elementor-heading-title elementor-size-default\">Optimisez l\u2019entretien des \u00e9oliennes gr\u00e2ce \u00e0 nos solutions de nettoyage au laser. Imaginez pouvoir \u00e9liminer efficacement la peinture et les rev\u00eatements lors de l\u2019inspection et de la certification CND, sans compromettre l\u2019int\u00e9grit\u00e9 structurelle des \u00e9oliennes. Avec nos appareils de nettoyage au laser, vous pouvez atteindre une pr\u00e9cision in\u00e9gal\u00e9e, garantissant une performance optimale des \u00e9oliennes.<\/p>\t\t\t\t<\/div>\n\t\t\t\t<\/div>\n\t\t\t\t<div class=\"elementor-element elementor-element-49914e9 elementor-widget elementor-widget-heading\" data-id=\"49914e9\" data-element_type=\"widget\" data-widget_type=\"heading.default\">\n\t\t\t\t<div class=\"elementor-widget-container\">\n\t\t\t\t\t<p class=\"elementor-heading-title elementor-size-default\">Chez <span class=\"nowrap\">P-Laser<\/span> Canada, nous sommes d\u00e9termin\u00e9s \u00e0 repousser les limites de la technologie de nettoyage au laser pour offrir des solutions toujours plus performantes.<\/p>\t\t\t\t<\/div>\n\t\t\t\t<\/div>\n\t\t\t\t<\/div>\n\t\t\t\t<\/div>\n\t\t\t\t\t<\/div>\n\t\t\t\t<\/div>\n\t\t<div class=\"elementor-element elementor-element-4a8fef4 e-flex e-con-boxed e-con e-parent\" data-id=\"4a8fef4\" data-element_type=\"container\">\n\t\t\t\t\t<div class=\"e-con-inner\">\n\t\t\t\t<div class=\"elementor-element elementor-element-ecd0957 industries_anchor elementor-widget elementor-widget-menu-anchor\" data-id=\"ecd0957\" data-element_type=\"widget\" data-widget_type=\"menu-anchor.default\">\n\t\t\t\t<div class=\"elementor-widget-container\">\n\t\t\t\t\t\t\t<div class=\"elementor-menu-anchor\" id=\"petrole\"><\/div>\n\t\t\t\t\t\t<\/div>\n\t\t\t\t<\/div>\n\t\t\t\t\t<\/div>\n\t\t\t\t<\/div>\n\t\t<div class=\"elementor-element elementor-element-d5843e3 industries_boxes_alt_group e-flex e-con-boxed e-con e-parent\" data-id=\"d5843e3\" data-element_type=\"container\">\n\t\t\t\t\t<div class=\"e-con-inner\">\n\t\t<div class=\"elementor-element elementor-element-90d4194 e-con-full e-flex e-con e-child\" data-id=\"90d4194\" data-element_type=\"container\">\n\t\t\t\t<div class=\"elementor-element elementor-element-5503f02 elementor-widget elementor-widget-image\" data-id=\"5503f02\" data-element_type=\"widget\" data-widget_type=\"image.default\">\n\t\t\t\t<div class=\"elementor-widget-container\">\n\t\t\t\t\t\t\t\t\t\t\t\t\t\t\t<img decoding=\"async\" width=\"1280\" height=\"884\" src=\"https:\/\/p-lasercanada.ca\/wp-content\/uploads\/2024\/09\/industries-petrolier.jpg\" class=\"attachment-full size-full wp-image-239\" alt=\"\" srcset=\"https:\/\/p-lasercanada.ca\/wp-content\/uploads\/2024\/09\/industries-petrolier.jpg 1280w, https:\/\/p-lasercanada.ca\/wp-content\/uploads\/2024\/09\/industries-petrolier-300x207.jpg 300w, https:\/\/p-lasercanada.ca\/wp-content\/uploads\/2024\/09\/industries-petrolier-1024x707.jpg 1024w, https:\/\/p-lasercanada.ca\/wp-content\/uploads\/2024\/09\/industries-petrolier-768x530.jpg 768w\" sizes=\"(max-width: 1280px) 100vw, 1280px\" \/>\t\t\t\t\t\t\t\t\t\t\t\t\t\t\t<\/div>\n\t\t\t\t<\/div>\n\t\t\t\t<\/div>\n\t\t<div class=\"elementor-element elementor-element-6b49835 e-con-full e-flex e-con e-child\" data-id=\"6b49835\" data-element_type=\"container\" data-settings=\"{&quot;background_background&quot;:&quot;classic&quot;}\">\n\t\t<div class=\"elementor-element elementor-element-ea7d71a e-con-full e-flex e-con e-child\" data-id=\"ea7d71a\" data-element_type=\"container\">\n\t\t\t\t<div class=\"elementor-element elementor-element-9709dc2 elementor-widget__width-auto elementor-widget elementor-widget-heading\" data-id=\"9709dc2\" data-element_type=\"widget\" data-widget_type=\"heading.default\">\n\t\t\t\t<div class=\"elementor-widget-container\">\n\t\t\t\t\t<h2 class=\"elementor-heading-title elementor-size-default\">Secteur p\u00e9trolier, gazier et \u00e9nerg\u00e9tique<\/h2>\t\t\t\t<\/div>\n\t\t\t\t<\/div>\n\t\t\t\t<div class=\"elementor-element elementor-element-88609de elementor-widget elementor-widget-heading\" data-id=\"88609de\" data-element_type=\"widget\" data-widget_type=\"heading.default\">\n\t\t\t\t<div class=\"elementor-widget-container\">\n\t\t\t\t\t<h2 class=\"elementor-heading-title elementor-size-default\">Le nettoyage au laser, une excellente option pour le secteur de l\u2019\u00e9nergie<\/h2>\t\t\t\t<\/div>\n\t\t\t\t<\/div>\n\t\t\t\t<div class=\"elementor-element elementor-element-b028295 elementor-widget elementor-widget-heading\" data-id=\"b028295\" data-element_type=\"widget\" data-widget_type=\"heading.default\">\n\t\t\t\t<div class=\"elementor-widget-container\">\n\t\t\t\t\t<p class=\"elementor-heading-title elementor-size-default\">L\u2019\u00e9nergie est la force motrice de notre monde moderne. Des secteurs, tels que le p\u00e9trole et le gaz, l\u2019hydro\u00e9lectricit\u00e9, le nucl\u00e9aire, l\u2019\u00e9nergie \u00e9olienne et g\u00e9othermique, repr\u00e9sentent des syst\u00e8mes complexes essentiels \u00e0 notre soci\u00e9t\u00e9. Les infrastructures et les installations de production d\u2019\u00e9nergie n\u00e9cessitent un entretien constant et une inspection rigoureuse pour garantir un fonctionnement optimal. Dans cet environnement crucial, la s\u00e9curit\u00e9 est primordiale et les normes r\u00e9glementaires sont strictes.<\/p>\t\t\t\t<\/div>\n\t\t\t\t<\/div>\n\t\t\t\t<div class=\"elementor-element elementor-element-92a62b5 elementor-widget elementor-widget-heading\" data-id=\"92a62b5\" data-element_type=\"widget\" data-widget_type=\"heading.default\">\n\t\t\t\t<div class=\"elementor-widget-container\">\n\t\t\t\t\t<p class=\"elementor-heading-title elementor-size-default\">Le nettoyage au laser \u00e9merge comme une solution innovante et efficace pour entretenir et d\u00e9contaminer une multitude de surfaces m\u00e9talliques, tout en pr\u00e9servant l\u2019int\u00e9grit\u00e9 des structures environnantes. Que ce soit pour \u00e9liminer des rev\u00eatements lors des contr\u00f4les non destructifs ou pour enlever diverses formes de contamination, le nettoyage au laser offre une polyvalence remarquable. De la pr\u00e9paration de soudures au d\u00e9capage de peinture, en passant par le nettoyage de joints pour les installations de tuyauterie, ses usages sont infinis, offrant des solutions pr\u00e9cises et efficaces pour maintenir les op\u00e9rations \u00e9nerg\u00e9tiques en toute fluidit\u00e9.<\/p>\t\t\t\t<\/div>\n\t\t\t\t<\/div>\n\t\t\t\t<div class=\"elementor-element elementor-element-4ff1a8d red_button elementor-widget elementor-widget-button\" data-id=\"4ff1a8d\" data-element_type=\"widget\" data-widget_type=\"button.default\">\n\t\t\t\t<div class=\"elementor-widget-container\">\n\t\t\t\t\t\t\t\t\t<div class=\"elementor-button-wrapper\">\n\t\t\t\t\t<a class=\"elementor-button elementor-button-link elementor-size-sm\" href=\"https:\/\/p-lasercanada.ca\/fr\/nous-joindre\/\">\n\t\t\t\t\t\t<span class=\"elementor-button-content-wrapper\">\n\t\t\t\t\t\t<span class=\"elementor-button-icon\">\n\t\t\t\t<svg xmlns=\"http:\/\/www.w3.org\/2000\/svg\" viewBox=\"0 0 30 33\"><defs><style>      #Parler-1 .cls-1 {        fill: #fff;      }    <\/style><\/defs><g><g id=\"Parler-1\"><g><polygon class=\"cls-1\" points=\"3.355 12.5129 3.355 12.5127 3.3525 12.5129 3.355 12.5129\"><\/polygon><path class=\"cls-1\" d=\"M9.2332,4.2891l-.489.0918.1837.9756.489-.0918c.1514-.0273.3029-.0498.4542-.0671l.494-.0547-.1093-.9878-.494.0544c-.1763.02-.3524.0474-.5287.0796Z\"><\/path><path class=\"cls-1\" d=\"M3.7695,8.8789c-.062.1638-.1191.3325-.1713.5039l-.144.4766.9508.2854.1439-.4766c.0447-.1489.0944-.2954.1489-.4368l.1763-.4644-.9283-.3525-.1763.4644Z\"><\/path><path class=\"cls-1\" d=\"M4.3057,11.9419c-.0099-.1489-.0173-.3052-.0198-.459v-.4966l-.9905.0049v.4966c.0024.1787.0099.3574.0223.5312l.0372.4937.9879-.0767-.0372-.4941Z\"><\/path><path class=\"cls-1\" d=\"M5.5469,16.7256l.36.3423.6851-.7173-.3599-.3425c-.1093-.1067-.2185-.2161-.3203-.3301l-.3326-.3674-.7372.6653.3326.3674c.1191.1313.2457.2605.3723.3823Z\"><\/path><path class=\"cls-1\" d=\"M5.2913,8.0273l.3027-.3945c.0919-.1218.1912-.241.293-.355l.3302-.3726-.7423-.6602-.3301.3723c-.1191.1316-.2334.2705-.3401.4094l-.3029.3948.7869.6057h.0026Z\"><\/path><path class=\"cls-1\" d=\"M6.865,6.3542l.422-.2632c.1292-.0793.2632-.1562.3997-.2283l.4393-.231-.4617-.8787-.4393.2307c-.1564.0845-.3129.1738-.4618.2656l-.422.2632.5238.844v-.0024Z\"><\/path><path class=\"cls-1\" d=\"M3.9955,14.5781l.2134.4495v-.0024l.8961-.4246-.2134-.4492c-.0646-.1392-.1267-.2805-.1813-.4221l-.1787-.4617-.9259.3599.1787.4619c.0646.1636.134.3276.2111.4888Z\"><\/path><path class=\"cls-1\" d=\"M17.874,18.6218l-.3799.3203c-1.0052.8464-1.6011,2.0974-1.6556,3.4626H6.5074c-.077-1.3774-.6802-2.6362-1.6831-3.49-2.4302-2.0627-3.6813-5.074-3.433-8.2563C1.7488,6.0537,5.4747,2.1987,10.0521,1.6924c1.4521-.1614,2.8795-.0125,4.2373.4419l.4717.1562.3153-.9407-.4717-.1565c-1.4968-.499-3.0657-.6626-4.6617-.4866C4.8169,1.2729.803,5.4258.4009,10.5815c-.2731,3.5051,1.1046,6.8188,3.7805,9.0903.854.7249,1.343,1.8296,1.343,3.0334v4.9895c0,1.0002.8142,1.8145,1.8146,1.8145h.7422c.0596.6902.3525,1.3379.8539,1.8618.5958.6206,1.4075.9905,2.2887,1.0376.0646.0024.1267.0049.1912.0049,1.7228,0,3.165-1.2634,3.2941-2.9043h.3079c1.0004,0,1.8146-.8142,1.8146-1.8145v-5.0815c0-1.1492.4766-2.2117,1.3057-2.9092l.3798-.3203-.6404-.7595-.0024-.0024ZM11.276,31.4133c-.6281-.0349-1.2064-.293-1.626-.7324-.3202-.335-.5164-.7422-.5734-1.1741h4.632c-.1316,1.127-1.194,1.9734-2.4326,1.9065ZM15.8335,27.6924c0,.4517-.3674.8215-.8217.8215h-7.6753c-.4519,0-.8217-.3674-.8217-.8215v-1.2412h1.3553v-.9929h-1.3553v-2.0603h9.3186v4.2944Z\"><\/path><rect class=\"cls-1\" x=\"10.1639\" y=\"25.4583\" width=\"5.6522\" height=\".9929\"><\/rect><path class=\"cls-1\" d=\"M28.9976,7.3025h-1.4869l-.1738-.417,1.0526-1.0525c.1936-.1936.1936-.5088,0-.7026l-2.6437-2.6436c-.1937-.1936-.5089-.1936-.7025,0l-1.0526,1.0525-.417-.1738v-1.4868c0-.2732-.2234-.4966-.4965-.4966h-3.5522c-.2731,0-.4965.2234-.4965.4966v1.4844l-.417.1738-1.0525-1.0525c-.1936-.1936-.5089-.1936-.7025,0l-2.6437,2.6436c-.1936.1936-.1936.5088,0,.7026l1.0525,1.0525-.1737.417h-1.4869c-.2731,0-.4965.2234-.4965.4963v3.5522c0,.2732.2234.4966.4965.4966h1.4869l.1737.417-1.0525,1.0525c-.1936.1936-.1936.509,0,.7024l2.6437,2.6438c.1936.1936.5089.1936.7025,0l1.0525-1.0525.417.1738v1.4868c0,.2729.2234.4966.4965.4966h3.5522v.0024c.2731,0,.4965-.2234.4965-.4966v-1.4868l.417-.1738,1.0526,1.0525c.1936.1936.5088.1936.7025,0l2.6437-2.6436c.1936-.1936.1936-.509,0-.7026l-1.0526-1.0525.1738-.417h1.4869c.2731,0,.4965-.2234.4965-.4966v-3.5522c0-.2729-.2234-.4963-.4965-.4963ZM28.5011,10.8523h-1.3231c-.201,0-.3823.1191-.4592.3054l-.427,1.03c-.0769.1863-.0347.3997.1068.5413l.9358.9358-1.9412,1.9412-.9359-.936c-.1415-.1414-.3549-.1836-.5411-.1067l-1.0302.427c-.1837.0771-.3053.2583-.3053.4592v1.323h-2.5593v-1.3206c0-.2009-.1191-.3821-.3053-.4592l-1.0302-.4268c-.1862-.0771-.3997-.0349-.5411.1067l-.9358.9358-1.9413-1.9412.9359-.9358c.1415-.1416.1837-.355.1067-.5413l-.4269-1.03c-.077-.1838-.2582-.3054-.4592-.3054h-1.3231v-2.5593h1.3231c.201,0,.3822-.1191.4592-.3052l.4269-1.0303c.077-.1863.0348-.3997-.1067-.541l-.9359-.936,1.9413-1.9412.9358.9358c.1415.1416.355.1838.5411.1069l1.0302-.427c.1837-.0769.3053-.2583.3053-.4592v-1.3232h2.5593v1.3208c0,.2009.1191.3821.3053.459l1.0302.427c.1863.0769.3997.0349.5411-.1067l.9359-.9358,1.9412,1.9412-.9358.9358c-.1415.1416-.1837.355-.1068.5413l.427,1.03c.0769.1838.2582.3054.4592.3054h1.3231v2.5593Z\"><\/path><path class=\"cls-1\" d=\"M21.3021,5.5249c-2.2316,0-4.0487,1.8171-4.0487,4.0488s1.8171,4.0486,4.0487,4.0486,4.0487-1.8169,4.0487-4.0486-1.8171-4.0488-4.0487-4.0488ZM21.3021,12.6318c-1.6855,0-3.0558-1.3701-3.0558-3.0557s1.3702-3.0557,3.0558-3.0557,3.0558,1.3701,3.0558,3.0557-1.3702,3.0557-3.0558,3.0557Z\"><\/path><\/g><\/g><\/g><\/svg>\t\t\t<\/span>\n\t\t\t\t\t\t\t\t\t<span class=\"elementor-button-text\">Parlez-nous de votre projet<\/span>\n\t\t\t\t\t<\/span>\n\t\t\t\t\t<\/a>\n\t\t\t\t<\/div>\n\t\t\t\t\t\t\t\t<\/div>\n\t\t\t\t<\/div>\n\t\t\t\t<\/div>\n\t\t\t\t<\/div>\n\t\t\t\t\t<\/div>\n\t\t\t\t<\/div>\n\t\t<div class=\"elementor-element elementor-element-7a92d95 e-flex e-con-boxed e-con e-parent\" data-id=\"7a92d95\" data-element_type=\"container\">\n\t\t\t\t\t<div class=\"e-con-inner\">\n\t\t\t\t<div class=\"elementor-element elementor-element-46d6963 industries_anchor elementor-widget elementor-widget-menu-anchor\" data-id=\"46d6963\" data-element_type=\"widget\" data-widget_type=\"menu-anchor.default\">\n\t\t\t\t<div class=\"elementor-widget-container\">\n\t\t\t\t\t\t\t<div class=\"elementor-menu-anchor\" id=\"nucleaire\"><\/div>\n\t\t\t\t\t\t<\/div>\n\t\t\t\t<\/div>\n\t\t\t\t\t<\/div>\n\t\t\t\t<\/div>\n\t\t<div class=\"elementor-element elementor-element-85bac2c industries_boxes_group e-flex e-con-boxed e-con e-parent\" data-id=\"85bac2c\" data-element_type=\"container\">\n\t\t\t\t\t<div class=\"e-con-inner\">\n\t\t<div class=\"elementor-element elementor-element-5e5a2cd e-con-full e-flex e-con e-child\" data-id=\"5e5a2cd\" data-element_type=\"container\">\n\t\t\t\t<div class=\"elementor-element elementor-element-b3a980d elementor-widget elementor-widget-image\" data-id=\"b3a980d\" data-element_type=\"widget\" data-widget_type=\"image.default\">\n\t\t\t\t<div class=\"elementor-widget-container\">\n\t\t\t\t\t\t\t\t\t\t\t\t\t\t\t<img decoding=\"async\" width=\"1280\" height=\"853\" src=\"https:\/\/p-lasercanada.ca\/wp-content\/uploads\/2024\/09\/industries-nucleaires.jpg\" class=\"attachment-full size-full wp-image-237\" alt=\"\" srcset=\"https:\/\/p-lasercanada.ca\/wp-content\/uploads\/2024\/09\/industries-nucleaires.jpg 1280w, https:\/\/p-lasercanada.ca\/wp-content\/uploads\/2024\/09\/industries-nucleaires-300x200.jpg 300w, https:\/\/p-lasercanada.ca\/wp-content\/uploads\/2024\/09\/industries-nucleaires-1024x682.jpg 1024w, https:\/\/p-lasercanada.ca\/wp-content\/uploads\/2024\/09\/industries-nucleaires-768x512.jpg 768w\" sizes=\"(max-width: 1280px) 100vw, 1280px\" \/>\t\t\t\t\t\t\t\t\t\t\t\t\t\t\t<\/div>\n\t\t\t\t<\/div>\n\t\t\t\t<\/div>\n\t\t<div class=\"elementor-element elementor-element-5f0eff6 e-con-full e-flex e-con e-child\" data-id=\"5f0eff6\" data-element_type=\"container\" data-settings=\"{&quot;background_background&quot;:&quot;classic&quot;}\">\n\t\t<div class=\"elementor-element elementor-element-8abc0cc e-con-full e-flex e-con e-child\" data-id=\"8abc0cc\" data-element_type=\"container\">\n\t\t\t\t<div class=\"elementor-element elementor-element-b2a6acc elementor-widget__width-auto elementor-widget elementor-widget-heading\" data-id=\"b2a6acc\" data-element_type=\"widget\" data-widget_type=\"heading.default\">\n\t\t\t\t<div class=\"elementor-widget-container\">\n\t\t\t\t\t<h2 class=\"elementor-heading-title elementor-size-default\">D\u00e9contamination nucl\u00e9aire<\/h2>\t\t\t\t<\/div>\n\t\t\t\t<\/div>\n\t\t\t\t<div class=\"elementor-element elementor-element-c8b8d1e elementor-widget elementor-widget-heading\" data-id=\"c8b8d1e\" data-element_type=\"widget\" data-widget_type=\"heading.default\">\n\t\t\t\t<div class=\"elementor-widget-container\">\n\t\t\t\t\t<h2 class=\"elementor-heading-title elementor-size-default\">Le nettoyage de surface au laser r\u00e9volutionne la d\u00e9contamination dans le secteur nucl\u00e9aire !<\/h2>\t\t\t\t<\/div>\n\t\t\t\t<\/div>\n\t\t\t\t<div class=\"elementor-element elementor-element-0e3f86e elementor-widget elementor-widget-heading\" data-id=\"0e3f86e\" data-element_type=\"widget\" data-widget_type=\"heading.default\">\n\t\t\t\t<div class=\"elementor-widget-container\">\n\t\t\t\t\t<p class=\"elementor-heading-title elementor-size-default\">Gr\u00e2ce \u00e0 cette technologie de laser innovante, les contaminations peuvent \u00eatre \u00e9limin\u00e9es efficacement, assurant une purification en profondeur des surfaces. En utilisant des syst\u00e8mes de nettoyage au laser \u00e0 fibre <span class=\"nowrap\">P-Laser<\/span>, nous pouvons transformer les mat\u00e9riaux radioactifs en air ou en vapeur, garantissant ainsi une d\u00e9contamination de surface.<\/p>\t\t\t\t<\/div>\n\t\t\t\t<\/div>\n\t\t\t\t<div class=\"elementor-element elementor-element-329e3de elementor-widget elementor-widget-heading\" data-id=\"329e3de\" data-element_type=\"widget\" data-widget_type=\"heading.default\">\n\t\t\t\t<div class=\"elementor-widget-container\">\n\t\t\t\t\t<p class=\"elementor-heading-title elementor-size-default\">Nous sommes \u00e0 l\u2019avant-garde de cette r\u00e9volution, explorant de nouvelles fa\u00e7ons d\u2019utiliser nos appareils de nettoyage au laser dans le secteur nucl\u00e9aire. Nos solutions sont con\u00e7ues pour \u00eatre conviviales et offrir une facilit\u00e9 d\u2019utilisation incomparable, m\u00eame dans les environnements les plus exigeants. Nous comprenons les d\u00e9fis particuliers auxquels sont confront\u00e9s nos utilisateurs dans le secteur nucl\u00e9aire, c\u2019est pourquoi nous avons adapt\u00e9 nos appareils pour r\u00e9pondre \u00e0 leurs besoins en mati\u00e8re de s\u00e9curit\u00e9 et de confort.<\/p>\t\t\t\t<\/div>\n\t\t\t\t<\/div>\n\t\t\t\t<\/div>\n\t\t\t\t<\/div>\n\t\t\t\t\t<\/div>\n\t\t\t\t<\/div>\n\t\t\t\t<\/div>\n\t\t","protected":false},"excerpt":{"rendered":"<p>Les syst\u00e8mes de nettoyages au laser, plusieurs avantages pour l\u2019industrie P-Laser | Industries | Industriel Entretien des \u00e9oliennes Le nettoyage au laser r\u00e9volutionne l\u2019entretien des \u00e9oliennes Optimisez l\u2019entretien des \u00e9oliennes gr\u00e2ce \u00e0 nos solutions de nettoyage au laser. Imaginez pouvoir \u00e9liminer efficacement la peinture et les rev\u00eatements lors de l\u2019inspection et de la certification CND, [&hellip;]<\/p>\n","protected":false},"author":1,"featured_media":0,"parent":452,"menu_order":2,"comment_status":"closed","ping_status":"closed","template":"elementor_header_footer","meta":{"_seopress_robots_primary_cat":"","_seopress_titles_title":"P-Laser | Syst\u00e8mes de nettoyage au laser pour le secteur industriel","_seopress_titles_desc":"Les syst\u00e8mes de nettoyage au laser de P-Laser Canada offrent de nombreux avantages pour le secteur industriel.","_seopress_robots_index":"","inline_featured_image":false,"footnotes":""},"class_list":["post-1442","page","type-page","status-publish","hentry"],"_links":{"self":[{"href":"https:\/\/p-lasercanada.ca\/fr\/wp-json\/wp\/v2\/pages\/1442","targetHints":{"allow":["GET"]}}],"collection":[{"href":"https:\/\/p-lasercanada.ca\/fr\/wp-json\/wp\/v2\/pages"}],"about":[{"href":"https:\/\/p-lasercanada.ca\/fr\/wp-json\/wp\/v2\/types\/page"}],"author":[{"embeddable":true,"href":"https:\/\/p-lasercanada.ca\/fr\/wp-json\/wp\/v2\/users\/1"}],"replies":[{"embeddable":true,"href":"https:\/\/p-lasercanada.ca\/fr\/wp-json\/wp\/v2\/comments?post=1442"}],"version-history":[{"count":32,"href":"https:\/\/p-lasercanada.ca\/fr\/wp-json\/wp\/v2\/pages\/1442\/revisions"}],"predecessor-version":[{"id":2496,"href":"https:\/\/p-lasercanada.ca\/fr\/wp-json\/wp\/v2\/pages\/1442\/revisions\/2496"}],"up":[{"embeddable":true,"href":"https:\/\/p-lasercanada.ca\/fr\/wp-json\/wp\/v2\/pages\/452"}],"wp:attachment":[{"href":"https:\/\/p-lasercanada.ca\/fr\/wp-json\/wp\/v2\/media?parent=1442"}],"curies":[{"name":"wp","href":"https:\/\/api.w.org\/{rel}","templated":true}]}}